{"id":9,"date":"2021-09-13T10:13:56","date_gmt":"2021-09-13T08:13:56","guid":{"rendered":"https:\/\/mairielachapelleblanche.fr\/?page_id=9"},"modified":"2022-01-03T17:58:31","modified_gmt":"2022-01-03T16:58:31","slug":"la-commune","status":"publish","type":"page","link":"https:\/\/mairielachapelleblanche.fr\/?page_id=9","title":{"rendered":"La Commune"},"content":{"rendered":"\n<h2 class=\"wp-block-heading\">Histoire et G\u00e9ographie. La Chapelle Blanche aujourd\u2019hui<\/h2>\n\n\n\n<p>&#8211; <strong>Quelques mots sur l\u2019histoire.<\/strong><\/p>\n\n\n\n<p>Comme cela est indiqu\u00e9 dans l\u2019ouvrage \u00ab&nbsp;1000 ans d\u2019histoire en C\u0153ur de Savoie&nbsp;\u00bb, remonter aux origines du village et de la paroisse de Chapelle Blanche est difficile. Pendant le Moyen Age, les moines de La Chartreuse de Saint Hugon poss\u00e9daient et cultivaient des terres sur l\u2019emplacement du village actuel. En cela, ils profitaient de l\u2019ensoleillement du site, sans \u00e9quivalent alentours. Est-ce la couleur de la chapelle que les moines ont \u00e9rig\u00e9e en ce lieu pour y prier qui a donn\u00e9 son nom au village&nbsp;? C\u2019est ce que relate une plaque appos\u00e9e sur le mur de l\u2019actuel cimeti\u00e8re\u2026 mais cela reste une hypoth\u00e8se parmi d\u2019autres.<\/p>\n\n\n\n<p>L\u2019histoire de La Chapelle Blanche se distingue un peu de celle des autres communes aujourd\u2019hui Savoyardes.<\/p>\n\n\n\n<p>La Chapelle Blanche a en effet \u00e9t\u00e9 li\u00e9e au(Circonscription territoriale qui groupait dans les Alpes du Dauphin\u00e9 plusieurs paroisses ayant des alpages et des for\u00eats en commun). Puis, suite \u00e0 la signature du trait\u00e9 de Turin (entre la France et le royaume de Pi\u00e9mont-Sardaigne) le 24 Mars 1760, les fronti\u00e8res sont retrac\u00e9es et la Chapelle Blanche devient \u00ab&nbsp;commune de Savoie&nbsp;\u00bb. En septembre 1792, le Duch\u00e9 de Savoie est envahi et est annex\u00e9 \u00e0 la France R\u00e9volutionnaire. La commune est ainsi \u00ab&nbsp;revenue&nbsp;\u00bb \u00e0 la France dans le d\u00e9partement du Mont-Blanc de 1793 \u00e0 1814. A la Restauration, en 1815, l\u2019ensemble des communes reviennent dans le giron de la \u00ab&nbsp;Maison de Savoie&nbsp;\u00bb. Mais la conduite des affaires, depuis Turin d\u00e9\u00e7oit peu \u00e0 peu les habitants \u00ab&nbsp;des savoies&nbsp;\u00bb. En 1860, la population vote massivement pour le rattachement du Duch\u00e9 de Savoie \u00e0 la France que Napol\u00e9on III avait propos\u00e9 en \u00e9change d\u2019une aide militaire au Royaume de Pi\u00e9mont-Sardaigne. La Chapelle Blanche est ainsi, une nouvelle fois revenue en France\u2026 mais cette fois \u00ab&nbsp;en Savoie&nbsp;\u00bb.<\/p>\n\n\n\n<p><strong>&#8211; La situation g\u00e9ographique.<\/strong><\/p>\n\n\n\n<p>Notre commune est situ\u00e9e dans un territoire tr\u00e8s attractif. Dans la partie Alpine de la R\u00e9gion Auvergne Rh\u00f4ne Alpes, elle est en Savoie et plus pr\u00e9cis\u00e9ment dans la partie vall\u00e9enne de ce D\u00e9partement. Elle est donc au pied de la montagne (sur les contreforts du Massif de Belledonne) tout en \u00e9tant \u00e0 quelques minutes des grands axes de circulations. Il est facile de joindre Chamb\u00e9ry (25 minutes), Grenoble (35 minutes) et aussi Gen\u00e8ve ou Lyon et leurs a\u00e9roports. Et il est tout autant facile de se rendre en montagne y compris dans les stations parmi les plus prestigieuses d\u2019Europe (en Maurienne comme en Tarentaise).<\/p>\n\n\n\n<p>Le village offre donc les charmes de la ruralit\u00e9 avec, directement accessibles, tous les services de deux grandes agglom\u00e9rations (Universit\u00e9s, Centres Hospitaliers, Pr\u00e9fecture, Mus\u00e9es\u2026) auxquels s\u2019ajoutent ceux des 3 bourgs \u00e0 proximit\u00e9 (Val Gelon La Rochette, Pontcharra et Montm\u00e9lian) qui abritent commerces, coll\u00e8ges, lyc\u00e9es, gares SNCF, m\u00e9diath\u00e8que, piscines, clubs sportifs, \u00e9coles de musique, cr\u00e8ches, ludoth\u00e8que etc.<\/p>\n\n\n\n<p>Le village est situ\u00e9 sur une sorte de plateau et offre une vue tr\u00e8s large sur 3 Massifs (Belledonne, Bauges et Chartreuse) mais aussi sur ceux plus lointains du Vercors et du Chat. La Chapelle Blanche est connue, alentours, pour son remarquable ensoleillement en \u00e9t\u00e9 comme en hiver.<\/p>\n\n\n\n<p>On peut donc dire que notre village de La Chapelle Blanche est tr\u00e8s attractif dans un territoire qui l\u2019est tout autant au sein d\u2019une R\u00e9gion r\u00e9put\u00e9e pour son dynamisme.<\/p>\n\n\n\n<p><strong>&#8211; La population.<\/strong><\/p>\n\n\n\n<p>La population de La Chapelle Blanche, au recensement de 2019 est de 573 habitants. Elle est ainsi pratiquement revenue \u00e0 ce qu\u2019elle \u00e9tait dans la seconde moiti\u00e9 du XIX\u00e8me si\u00e8cle. En effet, elle \u00e9tait de396 en 1804, puis de 563 en 1837 et atteignit son apog\u00e9e, 623 habitants en 1848. Puis elle a commenc\u00e9 \u00e0 d\u00e9cro\u00eetre (548 en 1881, 429 en 1911, 312 en 1936 et atteindre un niveau tr\u00e8s bas puisqu\u2019elle n\u2019\u00e9tait plus que de 270 au recensement de l\u2019ann\u00e9e 1975&nbsp;! Depuis, elle remonte lentement depuis (324 en 1982) pour atteindre le chiffre que nous connaissons actuellement.<\/p>\n\n\n\n<p>Ainsi, depuis plusieurs ann\u00e9es, le village attire des familles, beaucoup venant des agglom\u00e9rations ou des bourgs alentours. Mais la Chapelle Blanche a su garder beaucoup d\u2019habitants issus de familles historiquement Chapellaines. Le r\u00e9sultat est un bel \u00e9quilibre entre \u00ab&nbsp;nouveaux&nbsp;\u00bb et \u00ab&nbsp;anciens&nbsp;\u00bb. La population du village est \u00e0 la fois attach\u00e9e \u00e0 ses racines et ouverte sur la modernit\u00e9. Ajoutons que les nombreuses exploitations agricoles pr\u00e9sentes font de la Chapelle Blanche un village actif et vivant, \u00e0 l\u2019oppos\u00e9 d\u2019une cit\u00e9 dortoir\u2026<\/p>\n\n\n\n<h2 class=\"wp-block-heading\">&#8211; La commune dans son environnement administratif.<\/h2>\n\n\n\n<p>Pendant de nombreuses ann\u00e9es, les \u00e9crits en t\u00e9moignent, l\u2019essentiel de la population vivait et travaillait au village, tr\u00e8s majoritairement dans l\u2019agriculture. La commune \u00e9tait donc le bassin de vie au sein duquel s\u2019organisait la majeure partie de la vie sociale et la solidarit\u00e9. Aujourd\u2019hui, les choses ont chang\u00e9. La Chapelle Blanche fait partie de la Communaut\u00e9 de Communes de C\u0153ur de Savoie qui regroupe 41 communes. C\u0153ur de Savoie exerce les principales comp\u00e9tences n\u00e9cessaires aux habitants (d\u00e9veloppement \u00e9conomique, enfance-jeunesse, personnes \u00e2g\u00e9es, assainissement, habitat, gestion des cours d\u2019eau, environnement, transport, d\u00e9chets\u2026). La Commune a conserv\u00e9 la comp\u00e9tence scolaire, l\u2019\u00e9tat civil, l\u2019urbanisme (la commune est dot\u00e9e d\u2019un PLU) , la gestion de l\u2019eau pluviale et l\u2019entretien de ses \u00e9quipements ainsi que celui des voies communales. Le D\u00e9partement entretient les voies D\u00e9partementales nombreuses dans le village. Un syndicat intercommunal g\u00e8re la distribution de l\u2019eau potable. Comme toutes les communes des agglom\u00e9rations de Grand Lac (autour d\u2019Aix les Bains) et de Grand Chamb\u00e9ry celles de C\u0153ur de Savoie dont la Chapelle Blanche sont r\u00e9unies au sein de \u00ab&nbsp;M\u00e9tropole Savoie&nbsp;\u00bb syndicat qui porte le Sch\u00e9ma de Coh\u00e9rence Territoriale (SCOT) document de planification pour les 20 prochaines ann\u00e9es dont la r\u00e9vision a \u00e9t\u00e9 approuv\u00e9e en F\u00e9vrier 2020. Ce SCOT pr\u00e9voit un fort d\u00e9veloppement li\u00e9 \u00e0 l\u2019attractivit\u00e9 du territoire et propose un ensemble d\u2019orientations pour organiser ce d\u00e9veloppement de fa\u00e7on durable, en pr\u00e9servant le foncier naturel et agricole, les ressources \u00e9nerg\u00e9tiques etc.<\/p>\n\n\n\n<p>Le choix des \u00e9lus est donc de coop\u00e9rer le mieux possible, de fa\u00e7on responsable, aux travaux et r\u00e9flexions de l\u2019ensemble de ces structures qui compl\u00e8tent l\u2019action de l\u2019\u00e9quipe municipale au sein du village.<\/p>\n\n\n\n<h2 class=\"wp-block-heading\">Que voir \u00e0 la Chapelle Blanche&nbsp;?<\/h2>\n\n\n\n<p>La Chapelle Blanche \u00e9tait situ\u00e9e sur une voie Romaine. Celle-ci passait par l\u2019actuel Chemin des Anes. &#8211; &#8211; Une st\u00e8le fut trouv\u00e9e sous l\u2019autel lors de la d\u00e9molition de l\u2019\u00e9glise en 1853. Elle est aujourd\u2019hui visible dans le petit jardin \u00e0 c\u00f4t\u00e9 de la Mairie et porte une inscription qui signifierait \u00ab&nbsp;<em>A Julia Vera&nbsp;, fille de Quintus, pr\u00eatresse d\u2019Auguste. Sa fille Maximilia a fait \u00e9lever ce monument par son testament<\/em>&nbsp;\u00bb.<\/p>\n\n\n\n<p>&#8211; Un bas-relief d\u00e9di\u00e9 \u00e0 Saint Hugues d\u2019Avalon est dress\u00e9 \u00e0 gauche devant l\u2019entr\u00e9e de l\u2019\u00e9glise. Il fut \u00e9rig\u00e9 en 1963 et montre que le village a longtemps appartenu au mandatement d\u2019Avalon donc au Dauphin\u00e9. La Tour d\u2019Avalon au-dessous du village de Saint Maximin est d\u2019ailleurs visible depuis La Chapelle Blanche.<\/p>\n\n\n\n<div class=\"wp-block-image\"><figure class=\"alignleft size-full is-resized\"><img loading=\"lazy\" decoding=\"async\" src=\"http:\/\/mairielachapelleblanche.fr\/wp-content\/uploads\/2022\/01\/amelie-gex.jpg\" alt=\"\" class=\"wp-image-454\" width=\"231\" height=\"276\"\/><\/figure><\/div>\n\n\n\n<p>&#8211; Le St\u00e8le d\u00e9di\u00e9e \u00e0 Am\u00e9lie GEX po\u00e8tesse Savoyarde n\u00e9e \u00e0 La Chapelle Blanche le 24 octobre 1835 autrice de \u00ab&nbsp;Contes et chansons populaires de Savoie&nbsp;\u00bb. La st\u00e8le est situ\u00e9e le long de la rue Am\u00e9lie Gex au croisement de l\u2019avenue de La fontaine. La maison natale d\u2019Am\u00e9lie Gex est sis chemin du po\u00e8te pr\u00e8s du hameau de Plan Pinet.<\/p>\n\n\n\n<p>&#8211; Les bassins et fontaines t\u00e9moignent d\u2019une p\u00e9riode o\u00f9 l\u2019approvisionnement en eau \u00e9tait d\u00e9j\u00e0 une pr\u00e9occupation pour les habitants et leur activit\u00e9 d\u2019\u00e9levage. Ils datent des ann\u00e9es 1830 notamment apr\u00e8s une forte p\u00e9riode d\u00e9 s\u00e9cheresse et sont visibles au centre du village et dans les diff\u00e9rents hameaux.<\/p>\n","protected":false},"excerpt":{"rendered":"<p>Histoire et G\u00e9ographie. La Chapelle Blanche aujourd\u2019hui &#8211; Quelques mots sur l\u2019histoire. Comme cela est indiqu\u00e9 dans l\u2019ouvrage \u00ab&nbsp;1000 ans d\u2019histoire en C\u0153ur de Savoie&nbsp;\u00bb, remonter aux origines du village et de la paroisse de Chapelle Blanche est difficile. Pendant le Moyen Age, les moines de La Chartreuse de Saint Hugon poss\u00e9daient et cultivaient des&#8230;<\/p>\n","protected":false},"author":1,"featured_media":0,"parent":0,"menu_order":0,"comment_status":"closed","ping_status":"closed","template":"","meta":{"footnotes":""},"class_list":["post-9","page","type-page","status-publish","format-standard","hentry","post-wrap"],"_links":{"self":[{"href":"https:\/\/mairielachapelleblanche.fr\/index.php?rest_route=\/wp\/v2\/pages\/9","targetHints":{"allow":["GET"]}}],"collection":[{"href":"https:\/\/mairielachapelleblanche.fr\/index.php?rest_route=\/wp\/v2\/pages"}],"about":[{"href":"https:\/\/mairielachapelleblanche.fr\/index.php?rest_route=\/wp\/v2\/types\/page"}],"author":[{"embeddable":true,"href":"https:\/\/mairielachapelleblanche.fr\/index.php?rest_route=\/wp\/v2\/users\/1"}],"replies":[{"embeddable":true,"href":"https:\/\/mairielachapelleblanche.fr\/index.php?rest_route=%2Fwp%2Fv2%2Fcomments&post=9"}],"version-history":[{"count":3,"href":"https:\/\/mairielachapelleblanche.fr\/index.php?rest_route=\/wp\/v2\/pages\/9\/revisions"}],"predecessor-version":[{"id":456,"href":"https:\/\/mairielachapelleblanche.fr\/index.php?rest_route=\/wp\/v2\/pages\/9\/revisions\/456"}],"wp:attachment":[{"href":"https:\/\/mairielachapelleblanche.fr\/index.php?rest_route=%2Fwp%2Fv2%2Fmedia&parent=9"}],"curies":[{"name":"wp","href":"https:\/\/api.w.org\/{rel}","templated":true}]}}