{"id":888,"date":"2023-01-03T23:05:13","date_gmt":"2023-01-03T22:05:13","guid":{"rendered":"http:\/\/mairielachapelleblanche.fr\/?page_id=888"},"modified":"2024-08-29T20:17:21","modified_gmt":"2024-08-29T18:17:21","slug":"travaux","status":"publish","type":"page","link":"https:\/\/mairielachapelleblanche.fr\/?page_id=888","title":{"rendered":"Les Travaux"},"content":{"rendered":"\n<p class=\"has-text-align-center has-vivid-red-color has-cyan-bluish-gray-background-color has-text-color has-background has-link-color wp-elements-19462f5b8a49b60f1371b06e2654d9e2\" style=\"font-size:25px;font-style:normal;font-weight:800;text-decoration:underline\"><strong>La commune de La Chapelle Blanche recherche un agent technique <\/strong><\/p>\n\n\n\n<ul class=\"wp-block-list\">\n<li><strong>Plein temps \u00e0 partir du 1er janvier 2025. <\/strong><\/li>\n<\/ul>\n\n\n\n<ul class=\"wp-block-list\">\n<li><strong>Poste ouvert aux titulaires de la fonction publique territoriale comme aux non titulaires (contractuels)<\/strong><\/li>\n<\/ul>\n\n\n\n<p>Pour plus d&rsquo;information,<a href=\"http:\/\/mairielachapelleblanche.fr\/wp-content\/uploads\/2024\/08\/Fiche-emploi-pour-publication-v4.pdf\"> <strong>consultez la fiche de poste<\/strong><\/a> ou contactez la mairie<\/p>\n\n\n\n<p><\/p>\n\n\n\n<hr class=\"wp-block-separator has-text-color has-cyan-bluish-gray-color has-alpha-channel-opacity has-cyan-bluish-gray-background-color has-background is-style-wide\"\/>\n\n\n\n<hr class=\"wp-block-separator has-alpha-channel-opacity is-style-wide\"\/>\n\n\n\n<p><\/p>\n\n\n\n<p><strong>Retrouvez ci-apr\u00e8s les informations essentielles concernant les travaux sur votre commune<\/strong><\/p>\n\n\n\n<h3 class=\"wp-block-heading has-text-align-center has-vivid-green-cyan-background-color has-background\" style=\"letter-spacing:px\"><strong>R\u00e9fection des enrob\u00e9s sur la rue Am\u00e9lie GEX<\/strong><\/h3>\n\n\n\n<p>Le Conseil d\u00e9partemental d\u00e9butera son chantier de r\u00e9fection des enrob\u00e9s sur la rue Am\u00e9lie GEX le lundi 26 Ao\u00fbt 2024.<\/p>\n\n\n\n<p>La dur\u00e9e du l\u2019op\u00e9ration est estim\u00e9e entre 1 et 2 semaines selon la m\u00e9t\u00e9o.<\/p>\n\n\n\n<p><strong>La circulation sera interdite<\/strong> en journ\u00e9e de<strong> 8h00 \u00e0 18h00<\/strong>, sur une partie de la rue Am\u00e9lie GEX, en fonction de l&rsquo;avanc\u00e9e du chantier.<\/p>\n\n\n\n<p><\/p>\n\n\n\n<div class=\"wp-block-file\"><a id=\"wp-block-file--media-cf133b7f-1bf5-463e-9cde-28bf4f8656f1\" href=\"http:\/\/mairielachapelleblanche.fr\/wp-content\/uploads\/2024\/08\/Info_Enrobes_r_AMELIE-GEX-_-Impasse-LACHAUD.pdf\">Courrier d&rsquo;information aux riverains 19_08_24<\/a><a href=\"http:\/\/mairielachapelleblanche.fr\/wp-content\/uploads\/2024\/08\/Info_Enrobes_r_AMELIE-GEX-_-Impasse-LACHAUD.pdf\" class=\"wp-block-file__button wp-element-button\" download aria-describedby=\"wp-block-file--media-cf133b7f-1bf5-463e-9cde-28bf4f8656f1\">T\u00e9l\u00e9charger<\/a><\/div>\n\n\n\n<div class=\"wp-block-file\"><a id=\"wp-block-file--media-ee4e4791-85a2-4abf-9517-9a4326931d5c\" href=\"http:\/\/mairielachapelleblanche.fr\/wp-content\/uploads\/2024\/08\/2024-058_Arrete-circulation_enrobe_Eurovia.pdf\">2024-058_Arr\u00eat\u00e9-circulation_enrob\u00e9_Eurovia<\/a><a href=\"http:\/\/mairielachapelleblanche.fr\/wp-content\/uploads\/2024\/08\/2024-058_Arrete-circulation_enrobe_Eurovia.pdf\" class=\"wp-block-file__button wp-element-button\" download aria-describedby=\"wp-block-file--media-ee4e4791-85a2-4abf-9517-9a4326931d5c\">T\u00e9l\u00e9charger<\/a><\/div>\n\n\n\n<hr class=\"wp-block-separator has-alpha-channel-opacity\"\/>\n\n\n\n<h4 class=\"wp-block-heading\" style=\"font-style:normal;font-weight:900;text-decoration:underline\"><strong>Point au mercredi 28 ao<strong>\u00fb<\/strong>t <\/strong><\/h4>\n\n\n\n<p>Le chantier suit le programme pr\u00e9vu.<\/p>\n\n\n\n<p> La phase de rabotage est termin\u00e9e et va laisser place \u00e0 la nouvelle couche d&rsquo;enrob\u00e9s \u00e0 partir d&rsquo;aujourd&rsquo;hui. La circulation reste interdite en journ\u00e9e durant au moins les 3 prochains jours.<\/p>\n\n\n\n<div class=\"wp-block-columns is-layout-flex wp-container-core-columns-is-layout-9d6595d7 wp-block-columns-is-layout-flex\">\n<div class=\"wp-block-column is-layout-flow wp-block-column-is-layout-flow\">\n<figure class=\"wp-block-image size-full is-resized\"><img loading=\"lazy\" decoding=\"async\" width=\"480\" height=\"640\" src=\"http:\/\/mairielachapelleblanche.fr\/wp-content\/uploads\/2024\/08\/IMG_0688-rotated.jpg\" alt=\"\" class=\"wp-image-1515\" style=\"width:360px;height:auto\" srcset=\"https:\/\/mairielachapelleblanche.fr\/wp-content\/uploads\/2024\/08\/IMG_0688-rotated.jpg 480w, https:\/\/mairielachapelleblanche.fr\/wp-content\/uploads\/2024\/08\/IMG_0688-225x300.jpg 225w, https:\/\/mairielachapelleblanche.fr\/wp-content\/uploads\/2024\/08\/IMG_0688-375x500.jpg 375w\" sizes=\"auto, (max-width: 480px) 100vw, 480px\" \/><\/figure>\n<\/div>\n\n\n\n<div class=\"wp-block-column is-layout-flow wp-block-column-is-layout-flow\">\n<figure class=\"wp-block-image size-full is-resized\"><img loading=\"lazy\" decoding=\"async\" width=\"480\" height=\"640\" src=\"http:\/\/mairielachapelleblanche.fr\/wp-content\/uploads\/2024\/08\/IMG_0691-rotated.jpg\" alt=\"\" class=\"wp-image-1516\" style=\"width:361px;height:auto\" srcset=\"https:\/\/mairielachapelleblanche.fr\/wp-content\/uploads\/2024\/08\/IMG_0691-rotated.jpg 480w, https:\/\/mairielachapelleblanche.fr\/wp-content\/uploads\/2024\/08\/IMG_0691-225x300.jpg 225w, https:\/\/mairielachapelleblanche.fr\/wp-content\/uploads\/2024\/08\/IMG_0691-375x500.jpg 375w\" sizes=\"auto, (max-width: 480px) 100vw, 480px\" \/><\/figure>\n<\/div>\n<\/div>\n\n\n\n<h4 class=\"wp-block-heading\" style=\"font-style:normal;font-weight:900;text-decoration:underline\"><strong>Point au jeudi 29 ao\u00fbt <\/strong>: Fin ds travaux ce vendredi <\/h4>\n\n\n\n<p>Les travaux de voirie seront termin\u00e9s dans les temps demain. La route sera r\u00e9 ouverte normalement \u00e0 18 heures vendredi 30 ao\u00fbt. <\/p>\n\n\n\n<p> La rue de la Chapelle retrouvera son sens unique de circulation descendant <strong>sauf v\u00e9lo<\/strong> dans le m\u00eame temps.<\/p>\n\n\n\n<p><\/p>\n\n\n\n<hr class=\"wp-block-separator has-alpha-channel-opacity is-style-wide\"\/>\n\n\n\n<h3 class=\"wp-block-heading has-text-align-center has-vivid-green-cyan-background-color has-background\" style=\"letter-spacing:px\">Travaux sur le r\u00e9seau EP &#8211; Chemin de Plan Pinet &#8211; f\u00e9vrier<strong> 2024<\/strong><\/h3>\n\n\n\n<p>Le r\u00e9seau d&rsquo;eau pluviales situ\u00e9 Chemin de Plan Pinet n\u00e9cessite un renforcement entre le lotissement en cours de r\u00e9alisation et la route d\u00e9partementale n\u00b029. Les travaux d\u00e9buterons le 26 f\u00e9vrier 2024, pour une dur\u00e9e d&rsquo;environ 2 semaines. <strong>Durant ces travaux la circulation sera interrompue en journ\u00e9e entre 8h00 et 17h00 <\/strong>et r\u00e9tablie, autant que possible, les soirs et weekends.<\/p>\n\n\n\n<hr class=\"wp-block-separator has-alpha-channel-opacity\"\/>\n\n\n\n<p><\/p>\n\n\n\n<p><\/p>\n\n\n\n<hr class=\"wp-block-separator aligncenter has-alpha-channel-opacity is-style-wide\"\/>\n\n\n\n<h3 class=\"wp-block-heading has-text-align-center has-white-background-color has-background\">Travaux d&rsquo;assainissement et d&rsquo;eau potable rue Am\u00e9lie GEX<\/h3>\n\n\n\n<hr class=\"wp-block-separator has-alpha-channel-opacity\"\/>\n\n\n\n<h2 class=\"wp-block-heading has-vivid-red-color has-text-color\">Une semaine de travaux suppl\u00e9mentaire avec fermeture de la rue Mercredi 09 et jeudi 10 en journ\u00e9e<\/h2>\n\n\n\n<p>La finalisation du chantier de la rue Am\u00e9lie GEX n\u00e9cessitera une semaine suppl\u00e9mentaire par rapport \u00e0 ce qui avait \u00e9t\u00e9 envisag\u00e9. <strong>Les restrictions de circulation seront encore en cours jusqu&rsquo;au vendredi 11 ao\u00fbt<\/strong> :<\/p>\n\n\n\n<ul class=\"wp-block-list\">\n<li>du vendredi 05 \u00e0 17h00 au mercredi matin 8h00 ainsi que le vendredi 11 : circulation en sens unique :<\/li>\n<\/ul>\n\n\n<div class=\"wp-block-image\">\n<figure class=\"aligncenter size-large is-resized\"><img loading=\"lazy\" decoding=\"async\" width=\"1024\" height=\"714\" src=\"http:\/\/mairielachapelleblanche.fr\/wp-content\/uploads\/2023\/05\/image002-1024x714.jpg\" alt=\"\" class=\"wp-image-1122\" style=\"width:733px;height:510px\" srcset=\"https:\/\/mairielachapelleblanche.fr\/wp-content\/uploads\/2023\/05\/image002-1024x714.jpg 1024w, https:\/\/mairielachapelleblanche.fr\/wp-content\/uploads\/2023\/05\/image002-300x209.jpg 300w, https:\/\/mairielachapelleblanche.fr\/wp-content\/uploads\/2023\/05\/image002-768x536.jpg 768w, https:\/\/mairielachapelleblanche.fr\/wp-content\/uploads\/2023\/05\/image002-1536x1072.jpg 1536w, https:\/\/mairielachapelleblanche.fr\/wp-content\/uploads\/2023\/05\/image002-1300x907.jpg 1300w, https:\/\/mairielachapelleblanche.fr\/wp-content\/uploads\/2023\/05\/image002-717x500.jpg 717w, https:\/\/mairielachapelleblanche.fr\/wp-content\/uploads\/2023\/05\/image002.jpg 1647w\" sizes=\"auto, (max-width: 1024px) 100vw, 1024px\" \/><\/figure><\/div>\n\n\n<ul class=\"has-vivid-red-color has-text-color wp-block-list\">\n<li><strong>le mercredi 09 et jeudi 10 ao\u00fbt fermeture de la rue A. GEX en journ\u00e9e pour la r\u00e9alisation des enrob\u00e9s<\/strong><\/li>\n<\/ul>\n\n\n\n<p class=\"has-black-color has-text-color\">Collecte des ordures m\u00e9nag\u00e8res normale le jeudi 10.<\/p>\n\n\n\n<p class=\"has-vivid-green-cyan-color has-text-color\"><a href=\"http:\/\/mairielachapelleblanche.fr\/wp-content\/uploads\/2023\/08\/info-travaux-_aout-2023.pdf\" target=\"_blank\" rel=\"noreferrer noopener\">Plus d&rsquo;information sur l&rsquo;info travaux aux habitants disponible ici<\/a><\/p>\n\n\n\n<hr class=\"wp-block-separator has-alpha-channel-opacity\"\/>\n\n\n\n<h2 class=\"wp-block-heading has-black-color has-text-color\">Fermeture de la rue Am\u00e9lie GEX en journ\u00e9e du 17\/07 au 05\/08<\/h2>\n\n\n\n<p style=\"font-size:16px\">L<strong>e raccordement des habitations n\u00e9cessite une fermeture \u00e0 la circulation <strong>de la rue Am\u00e9lie GEX<\/strong> dans les 2 sens :<\/strong><\/p>\n\n\n\n<p class=\"has-text-align-center\" style=\"font-size:16px\"><strong>Du lundi 17 juillet au samedi 05 aout 2023, entre 8h00 \u00e0 18h00 au droit des travaux.<\/strong><\/p>\n\n\n\n<p style=\"font-size:16px\">La rue sera rouverte entre 18h00 et 8h00 ainsi que les weekend et jours f\u00e9ries dans le sens <em>Les Mollettes, Val Gelon-La Rochette.<\/em><\/p>\n\n\n\n<p style=\"font-size:16px\">D\u00e9viation durant ces 3 semaines : <\/p>\n\n\n\n<ul class=\"wp-block-list\" style=\"font-size:16px\">\n<li>Dans le sens <strong>les Mollettes<\/strong> vers <strong>Valgelon-La Rochette<\/strong>, par Villaroux au niveau de Pont Mathieu<\/li>\n<\/ul>\n\n\n\n<p style=\"font-size:16px\">Dans le sens <strong>Valgelon-La Rochette<\/strong> vers<strong> Les Mollettes<\/strong>, par la rue de la fontaine, la rue  de l\u2019\u00e9glise et la rue de la Chapelle.<\/p>\n\n\n\n<p style=\"font-size:16px\">La collecte des ordures m\u00e9nag\u00e8res se d\u00e9roulera normalement durant cette p\u00e9riode. <br>Sauf impr\u00e9vu, le chantier sera termin\u00e9 au 05 aout et la rue Am\u00e9lie GEX retrouvera sa circulation \u00e0 double sens \u00e0 cette date.<\/p>\n\n\n\n<p><\/p>\n\n\n\n<hr class=\"wp-block-separator has-alpha-channel-opacity\"\/>\n\n\n\n<p style=\"font-size:16px\">Apr\u00e8s les am\u00e9nagements des entr\u00e9es de village, un nouveau chantier d\u00e9marre sur la rue Am\u00e9lie GEX. <\/p>\n\n\n\n<p style=\"font-size:16px\">L&rsquo;entreprise SMED TP effectuera l&rsquo;enfouissement des r\u00e9seaux d&rsquo;eau us\u00e9es pour le compte de C\u0153ur de Savoie et d&rsquo;eau potable pour le Syndicat des eaux de La-Rochette.<\/p>\n\n\n\n<p style=\"font-size:16px\">La dur\u00e9e pr\u00e9vue des travaux est de 2 mois \u00e0 partir du 23 mai<\/p>\n\n\n\n<p style=\"font-size:16px\">La circulation sera pr\u00e9serv\u00e9e durant le chantier  :<\/p>\n\n\n\n<ul class=\"wp-block-list\" style=\"font-size:16px\">\n<li>Dans le sens <strong>les Mollettes<\/strong> vers <strong>Valgelon-La Rochette<\/strong>, en sens unique sur la rue Am\u00e9lie GEX<\/li>\n<\/ul>\n\n\n\n<ul class=\"wp-block-list\" style=\"font-size:16px\">\n<li>Dans le sens <strong>Valgelon-La Rochette<\/strong> vers<strong> Les Mollettes<\/strong>, en d\u00e9viation par la rue de la fontaine, la rue  de l\u2019\u00e9glise et la rue de la Chapelle.<\/li>\n<\/ul>\n\n\n\n<p style=\"font-size:16px\">La circulation des pi\u00e9tons sera pr\u00e9serv\u00e9e.<\/p>\n\n\n\n<figure class=\"wp-block-image size-large is-resized\"><img loading=\"lazy\" decoding=\"async\" width=\"1024\" height=\"714\" src=\"http:\/\/mairielachapelleblanche.fr\/wp-content\/uploads\/2023\/05\/image002-1024x714.jpg\" alt=\"\" class=\"wp-image-1122\" style=\"width:681px;height:473px\" srcset=\"https:\/\/mairielachapelleblanche.fr\/wp-content\/uploads\/2023\/05\/image002-1024x714.jpg 1024w, https:\/\/mairielachapelleblanche.fr\/wp-content\/uploads\/2023\/05\/image002-300x209.jpg 300w, https:\/\/mairielachapelleblanche.fr\/wp-content\/uploads\/2023\/05\/image002-768x536.jpg 768w, https:\/\/mairielachapelleblanche.fr\/wp-content\/uploads\/2023\/05\/image002-1536x1072.jpg 1536w, https:\/\/mairielachapelleblanche.fr\/wp-content\/uploads\/2023\/05\/image002-1300x907.jpg 1300w, https:\/\/mairielachapelleblanche.fr\/wp-content\/uploads\/2023\/05\/image002-717x500.jpg 717w, https:\/\/mairielachapelleblanche.fr\/wp-content\/uploads\/2023\/05\/image002.jpg 1647w\" sizes=\"auto, (max-width: 1024px) 100vw, 1024px\" \/><\/figure>\n\n\n\n<p class=\"has-vivid-red-color has-text-color\" style=\"font-size:16px\">Attention : En cas de n\u00e9cessit\u00e9, la circulation pourra \u00eatre interrompue au droit du chantier par p\u00e9riodes n\u2019exc\u00e9dant pas 10 minutes.<\/p>\n\n\n\n<p><\/p>\n\n\n\n<p><\/p>\n\n\n\n<hr class=\"wp-block-separator aligncenter has-alpha-channel-opacity is-style-wide\"\/>\n\n\n\n<h3 class=\"wp-block-heading has-text-align-center has-vivid-green-cyan-background-color has-background\">S\u00e9curisation des entr\u00e9es Est -Ouest<\/h3>\n\n\n\n<hr class=\"wp-block-separator has-alpha-channel-opacity is-style-default\"\/>\n\n\n\n<h4 class=\"wp-block-heading has-text-align-center has-black-color has-white-background-color has-text-color has-background\"><strong>INFO &#8211; Collecte des ordures m\u00e9nag\u00e8res : retour \u00e0 la normale \u00e0 partir du mercredi 17 mai<\/strong><\/h4>\n\n\n\n<hr class=\"wp-block-separator has-alpha-channel-opacity\"\/>\n\n\n\n<h3 class=\"wp-block-heading\">Poursuite des travaux du 09 au 17 mai<\/h3>\n\n\n\n<p class=\"has-black-color has-text-color\" style=\"font-size:16px\">Les travaux de voirie sur les entr\u00e9es Est et Ouest ont pris du retard.<strong> Ils se poursuivront jusqu&rsquo;au 17 mai.<\/strong> Une circulation altern\u00e9e sera maintenue jour et nuit sauf impossibilit\u00e9 technique. <\/p>\n\n\n\n<p class=\"has-text-align-center has-black-color has-text-color\" style=\"font-size:16px\">En fonction des phasages du chantier et des al\u00e9as m\u00e9t\u00e9orologiques, la circulation pourra \u00eatre coup\u00e9e en journ\u00e9e :<br><strong> les 1O, 11 et 12 mai entre 9hoo et 16h30 <\/strong>(r\u00e9alisations des enrob\u00e9s)<\/p>\n\n\n\n<hr class=\"wp-block-separator has-alpha-channel-opacity\"\/>\n\n\n\n<pre id=\"block-21e474f1-41b8-4584-bcee-9cdd724ad3b6\" class=\"wp-block-code has-small-font-size\"><code>Mise en place d'une circulation altern\u00e9e entre 17h00 et 8h00 sur le carrefour rue du Thouvard\/ rue Am\u00e9lie Gex \u00e0 partir du lundi 24 avril<\/code><\/pre>\n\n\n\n<p class=\"has-small-font-size\">Les travaux de s\u00e9curisation du carrefour du Thouvard et de la route des mollettes se poursuivent. <\/p>\n\n\n\n<p class=\"has-black-color has-text-color has-small-font-size\">A partir du lundi 24 avril, <strong><mark style=\"background-color:rgba(0, 0, 0, 0)\" class=\"has-inline-color has-vivid-red-color\">un alternat avec feu est mis en place en semaine entre 17h00 et 8h00<\/mark>. ATTENTION,<\/strong> une fermeture  exceptionnelle de la voie reste possible en fonction des contraintes techniques du chantier. En journ\u00e9e la route reste ferm\u00e9e \u00e0 la circulation sauf le samedi et dimanche.<\/p>\n\n\n\n<hr class=\"wp-block-separator has-alpha-channel-opacity is-style-default\"\/>\n\n\n\n<p class=\"has-black-color has-text-color\">Circulation interrompue \u00e0 la Chapelle Blanche du 11 avril au 05 mai<\/p>\n\n\n\n<p class=\"has-small-font-size\">Consultez la note d&rsquo;information aux habitants ainsi que l\u2019arr\u00eat\u00e9 de circulation interrompant la circulation \u00e0 l&rsquo;entr\u00e9e Ouest du village (du  carrefour rue du Thouvard\/rue Am\u00e9lie GEX jusqu&rsquo;au terrain de tennis)  du 11 avril au 05 mai.<\/p>\n\n\n\n<div class=\"wp-block-file\"><a id=\"wp-block-file--media-c84aef42-cd1e-4587-b784-86742088b179\" href=\"http:\/\/mairielachapelleblanche.fr\/wp-content\/uploads\/2023\/04\/TRAVAUX-SECURISATION-info-aux-habitants.pdf\">Courrier- info aux habitants<\/a><a href=\"http:\/\/mairielachapelleblanche.fr\/wp-content\/uploads\/2023\/04\/TRAVAUX-SECURISATION-info-aux-habitants.pdf\" class=\"wp-block-file__button wp-element-button\" download aria-describedby=\"wp-block-file--media-c84aef42-cd1e-4587-b784-86742088b179\">T\u00e9l\u00e9charger<\/a><\/div>\n\n\n\n<div class=\"wp-block-file\"><a id=\"wp-block-file--media-c84aef42-cd1e-4587-b784-86742088b179\" href=\"http:\/\/mairielachapelleblanche.fr\/wp-content\/uploads\/2023\/03\/arrete-circulation-LCB-11_03-05_04.pdf\">arr\u00eat\u00e9 circulation LCB du 11\/04 au 05\/05<\/a><a href=\"http:\/\/mairielachapelleblanche.fr\/wp-content\/uploads\/2023\/03\/arrete-circulation-LCB-11_03-05_04.pdf\" class=\"wp-block-file__button wp-element-button\" download aria-describedby=\"wp-block-file--media-c84aef42-cd1e-4587-b784-86742088b179\">T\u00e9l\u00e9charger<\/a><\/div>\n\n\n\n<figure class=\"wp-block-image size-full is-resized\"><img loading=\"lazy\" decoding=\"async\" width=\"941\" height=\"646\" src=\"http:\/\/mairielachapelleblanche.fr\/wp-content\/uploads\/2023\/04\/Capture3-1.png\" alt=\"\" class=\"wp-image-1019\" style=\"width:836px;height:573px\" srcset=\"https:\/\/mairielachapelleblanche.fr\/wp-content\/uploads\/2023\/04\/Capture3-1.png 941w, https:\/\/mairielachapelleblanche.fr\/wp-content\/uploads\/2023\/04\/Capture3-1-300x206.png 300w, https:\/\/mairielachapelleblanche.fr\/wp-content\/uploads\/2023\/04\/Capture3-1-768x527.png 768w, https:\/\/mairielachapelleblanche.fr\/wp-content\/uploads\/2023\/04\/Capture3-1-728x500.png 728w\" sizes=\"auto, (max-width: 941px) 100vw, 941px\" \/><\/figure>\n\n\n\n<hr class=\"wp-block-separator has-alpha-channel-opacity is-style-default\"\/>\n\n\n\n<h3 class=\"wp-block-heading\">Rue de La Chapelle en double sens durant les travaux<\/h3>\n\n\n\n<p class=\"has-black-color has-text-color has-small-font-size\" style=\"letter-spacing:px\">La rue de La Chapelle \u00e9tant coup\u00e9e \u00e0 l&rsquo;aval par les travaux situ\u00e9s au carrefour du Thouvard , la circulation \u00e0 double sens est r\u00e9tablie temporairement sur cette rue du 11\/04 au 05\/05 du cimeti\u00e8re \u00e0 l&rsquo;\u00e9glise<strong>.<\/strong><\/p>\n\n\n\n<hr class=\"wp-block-separator has-alpha-channel-opacity is-style-default\"\/>\n\n\n\n<h3 class=\"wp-block-heading\">Ordures m\u00e9nag\u00e8res : Collecte modifi\u00e9e durant les travaux <\/h3>\n\n\n\n<p class=\"has-small-font-size\">Le camion ne pouvant s&rsquo;engager dans une rue sans issue, le SIBRECSA modifie la collecte des ordures m\u00e9nag\u00e8res durant les travaux pour les rues, de La Chapelle, la route des molettes, la rue du Thouvard, le chemin des Abrus et la rue Am\u00e9lie GEX. <br>4 points de rassemblement disposants de conteneurs collectifs ( 600L) sont cr\u00e9\u00e9s  dans la commune. Les habitants concern\u00e9s sont invit\u00e9s \u00e0 d\u00e9poser leurs sacs-poubelles directement dans ces bacs le mercredi soir :<\/p>\n\n\n\n<p class=\"has-small-font-size\"><strong>Pour la route des mollettes<\/strong> : Entre cette route et chemin des Abrus.<br><strong>Pour la rue du Thouvard<\/strong> : Entre cette rue et rue de Villard-Martin.<br><strong>Pour la rue Am\u00e9lie Gex <\/strong>: Intersection rue Am\u00e9lie Gex et avenue de la fontaine.<br><strong>Pour la rue de la chapelle<\/strong> (+impasses de La Chanelle et de Pr\u00e9 Baron) : Entre cette rue et Route de Villaroux (mairie)<\/p>\n\n\n\n<p class=\"has-small-font-size\">le plan des points de rassemblement est disponible <a rel=\"noreferrer noopener\" href=\"http:\/\/mairielachapelleblanche.fr\/wp-content\/uploads\/2023\/04\/Flyer-info-aux-habitants-SIBRECSA.pdf\" target=\"_blank\">ici<\/a> <br>Pour toute question le SIBRECSA est joignable au 04 76 97 19 52 -mail : contatc@sibrecsa.fr<\/p>\n\n\n\n<hr class=\"wp-block-separator has-alpha-channel-opacity\"\/>\n\n\n\n<h3 class=\"wp-block-heading has-text-align-left\">Le Projet : Plans des travaux<\/h3>\n\n\n\n<p class=\"has-small-font-size\">La rue Am\u00e9lie GEX est \u00e9quip\u00e9e d&rsquo;un trottoir dans sa partie centrale. Dans le prolongement de cette r\u00e9alisation, le conseil municipal souhaite s\u00e9curiser les d\u00e9placements pi\u00e9tons jusqu&rsquo;au terrain de tennis et tranquilliser les circulations sur cet axe La Rochette-Les Mollettes. Vous trouverez ici les plans de l&rsquo;avant projet de cet am\u00e9nagement.<\/p>\n\n\n\n<div class=\"wp-block-file aligncenter\"><a id=\"wp-block-file--media-9a7489c8-a683-4d63-912e-a0e1b1e0d79e\" href=\"http:\/\/mairielachapelleblanche.fr\/wp-content\/uploads\/2023\/01\/220613-RD202-AVP-PLAN-1.pdf\">S\u00e9curisation LCB rue A. GEX-AVP-PLAN-1<\/a><\/div>\n\n\n\n<div class=\"wp-block-file aligncenter\"><a id=\"wp-block-file--media-9a7489c8-a683-4d63-912e-a0e1b1e0d79e\" href=\"http:\/\/mairielachapelleblanche.fr\/wp-content\/uploads\/2023\/01\/220613-RD202-AVP-PLAN-2.pdf\">S\u00e9curisation LCB rue A. GEX-AVP-PLAN-2<\/a><\/div>\n","protected":false},"excerpt":{"rendered":"<p>La commune de La Chapelle Blanche recherche un agent technique Pour plus d&rsquo;information, consultez la fiche de poste ou contactez la mairie Retrouvez ci-apr\u00e8s les informations essentielles concernant les travaux sur votre commune R\u00e9fection des enrob\u00e9s sur la rue Am\u00e9lie GEX Le Conseil d\u00e9partemental d\u00e9butera son chantier de r\u00e9fection des enrob\u00e9s sur la rue Am\u00e9lie&#8230;<\/p>\n","protected":false},"author":1,"featured_media":0,"parent":15,"menu_order":3,"comment_status":"closed","ping_status":"closed","template":"","meta":{"footnotes":""},"class_list":["post-888","page","type-page","status-publish","format-standard","hentry","post-wrap"],"_links":{"self":[{"href":"https:\/\/mairielachapelleblanche.fr\/index.php?rest_route=\/wp\/v2\/pages\/888","targetHints":{"allow":["GET"]}}],"collection":[{"href":"https:\/\/mairielachapelleblanche.fr\/index.php?rest_route=\/wp\/v2\/pages"}],"about":[{"href":"https:\/\/mairielachapelleblanche.fr\/index.php?rest_route=\/wp\/v2\/types\/page"}],"author":[{"embeddable":true,"href":"https:\/\/mairielachapelleblanche.fr\/index.php?rest_route=\/wp\/v2\/users\/1"}],"replies":[{"embeddable":true,"href":"https:\/\/mairielachapelleblanche.fr\/index.php?rest_route=%2Fwp%2Fv2%2Fcomments&post=888"}],"version-history":[{"count":78,"href":"https:\/\/mairielachapelleblanche.fr\/index.php?rest_route=\/wp\/v2\/pages\/888\/revisions"}],"predecessor-version":[{"id":1522,"href":"https:\/\/mairielachapelleblanche.fr\/index.php?rest_route=\/wp\/v2\/pages\/888\/revisions\/1522"}],"up":[{"embeddable":true,"href":"https:\/\/mairielachapelleblanche.fr\/index.php?rest_route=\/wp\/v2\/pages\/15"}],"wp:attachment":[{"href":"https:\/\/mairielachapelleblanche.fr\/index.php?rest_route=%2Fwp%2Fv2%2Fmedia&parent=888"}],"curies":[{"name":"wp","href":"https:\/\/api.w.org\/{rel}","templated":true}]}}