{"id":84,"date":"2021-09-13T16:41:23","date_gmt":"2021-09-13T14:41:23","guid":{"rendered":"https:\/\/mairielachapelleblanche.fr\/?page_id=84"},"modified":"2025-04-22T09:33:51","modified_gmt":"2025-04-22T07:33:51","slug":"la-vie-economique-leconomie-du-territoire-lagriculture-et-les-circuits-courts-les-entreprises-locales","status":"publish","type":"page","link":"https:\/\/mairielachapelleblanche.fr\/?page_id=84","title":{"rendered":"La vie \u00e9conomique"},"content":{"rendered":"\n<h1 class=\"wp-block-heading\">Commerces, artisans, entreprises<\/h1>\n\n\n\n<p>Votre activit\u00e9 est domicili\u00e9e sur La Chapelle Blanche et vous souhaitez appara\u00eetre dans cette rubrique ?<\/p>\n\n\n\n<p>Communiquez nous vos coordonn\u00e9es par le biais du mail de la mairie.<\/p>\n\n\n\n<p>Vous avez la possibilit\u00e9 de publier un bref texte de pr\u00e9sentation et une photo illustrant votre activit\u00e9.<\/p>\n\n\n\n<p><\/p>\n\n\n\n<h1 class=\"wp-block-heading\">G\u00eetes, tables d&rsquo;h\u00f4tes<\/h1>\n\n\n\n<h2 class=\"wp-block-heading\">Les g\u00eetes et tables d&rsquo;h\u00f4tes sur la commune<\/h2>\n\n\n\n<p>Gites et tables d&rsquo;h\u00f4tes<\/p>\n\n\n\n<p><\/p>\n\n\n\n<p><\/p>\n","protected":false},"excerpt":{"rendered":"<p>Commerces, artisans, entreprises Votre activit\u00e9 est domicili\u00e9e sur La Chapelle Blanche et vous souhaitez appara\u00eetre dans cette rubrique ? Communiquez nous vos coordonn\u00e9es par le biais du mail de la mairie. Vous avez la possibilit\u00e9 de publier un bref texte de pr\u00e9sentation et une photo illustrant votre activit\u00e9. G\u00eetes, tables d&rsquo;h\u00f4tes Les g\u00eetes et tables&#8230;<\/p>\n","protected":false},"author":1,"featured_media":0,"parent":0,"menu_order":0,"comment_status":"closed","ping_status":"closed","template":"","meta":{"footnotes":""},"class_list":["post-84","page","type-page","status-publish","format-standard","hentry","post-wrap"],"_links":{"self":[{"href":"https:\/\/mairielachapelleblanche.fr\/index.php?rest_route=\/wp\/v2\/pages\/84","targetHints":{"allow":["GET"]}}],"collection":[{"href":"https:\/\/mairielachapelleblanche.fr\/index.php?rest_route=\/wp\/v2\/pages"}],"about":[{"href":"https:\/\/mairielachapelleblanche.fr\/index.php?rest_route=\/wp\/v2\/types\/page"}],"author":[{"embeddable":true,"href":"https:\/\/mairielachapelleblanche.fr\/index.php?rest_route=\/wp\/v2\/users\/1"}],"replies":[{"embeddable":true,"href":"https:\/\/mairielachapelleblanche.fr\/index.php?rest_route=%2Fwp%2Fv2%2Fcomments&post=84"}],"version-history":[{"count":9,"href":"https:\/\/mairielachapelleblanche.fr\/index.php?rest_route=\/wp\/v2\/pages\/84\/revisions"}],"predecessor-version":[{"id":1622,"href":"https:\/\/mairielachapelleblanche.fr\/index.php?rest_route=\/wp\/v2\/pages\/84\/revisions\/1622"}],"wp:attachment":[{"href":"https:\/\/mairielachapelleblanche.fr\/index.php?rest_route=%2Fwp%2Fv2%2Fmedia&parent=84"}],"curies":[{"name":"wp","href":"https:\/\/api.w.org\/{rel}","templated":true}]}}