{"id":839,"date":"2022-11-15T23:02:56","date_gmt":"2022-11-15T22:02:56","guid":{"rendered":"http:\/\/mairielachapelleblanche.fr\/?page_id=839"},"modified":"2023-06-30T16:41:38","modified_gmt":"2023-06-30T14:41:38","slug":"livret-daccueil-aux-nouveaux-arrivants","status":"publish","type":"page","link":"https:\/\/mairielachapelleblanche.fr\/?page_id=839","title":{"rendered":"Livret d&rsquo;accueil aux nouveaux habitants"},"content":{"rendered":"\n<p>Les services de proximit\u00e9, les horaires d&rsquo;ouverture, les num\u00e9ros de t\u00e9l\u00e9phone  et m\u00eame une br\u00e8ve histoire de LA CHAPELLE BLANCHE sont dans le livret d&rsquo;accueil r\u00e9alis\u00e9 par des chapelains b\u00e9n\u00e9voles. <\/p>\n\n\n\n<p>Un objectif : Aider les  installation sur la commune et  faciliter les \u00e9changes, les liens qui participent \u00e0 la qualit\u00e9 de vie de notre village. <\/p>\n\n\n\n<p> <a href=\"http:\/\/mairielachapelleblanche.fr\/wp-content\/uploads\/2023\/06\/livret-accueil-V10_2_2.pdf\">Le livret : A t\u00e9l\u00e9charger ici<\/a><\/p>\n\n\n\n<p><a href=\"http:\/\/mairielachapelleblanche.fr\/wp-content\/uploads\/2023\/01\/centre-village-2022-LCB.pdf\">Plan du centre de La Chapelle Blanche <\/a><\/p>\n\n\n\n<p><a href=\"http:\/\/mairielachapelleblanche.fr\/wp-content\/uploads\/2023\/01\/plan-des-rues-LCB.pdf\">Plan des rues de La Chapelle Blanche<\/a><\/p>\n","protected":false},"excerpt":{"rendered":"<p>Les services de proximit\u00e9, les horaires d&rsquo;ouverture, les num\u00e9ros de t\u00e9l\u00e9phone et m\u00eame une br\u00e8ve histoire de LA CHAPELLE BLANCHE sont dans le livret d&rsquo;accueil r\u00e9alis\u00e9 par des chapelains b\u00e9n\u00e9voles. Un objectif : Aider les installation sur la commune et faciliter les \u00e9changes, les liens qui participent \u00e0 la qualit\u00e9 de vie de notre village&#8230;.<\/p>\n","protected":false},"author":1,"featured_media":0,"parent":13,"menu_order":1,"comment_status":"closed","ping_status":"closed","template":"","meta":{"footnotes":""},"class_list":["post-839","page","type-page","status-publish","format-standard","hentry","post-wrap"],"_links":{"self":[{"href":"https:\/\/mairielachapelleblanche.fr\/index.php?rest_route=\/wp\/v2\/pages\/839","targetHints":{"allow":["GET"]}}],"collection":[{"href":"https:\/\/mairielachapelleblanche.fr\/index.php?rest_route=\/wp\/v2\/pages"}],"about":[{"href":"https:\/\/mairielachapelleblanche.fr\/index.php?rest_route=\/wp\/v2\/types\/page"}],"author":[{"embeddable":true,"href":"https:\/\/mairielachapelleblanche.fr\/index.php?rest_route=\/wp\/v2\/users\/1"}],"replies":[{"embeddable":true,"href":"https:\/\/mairielachapelleblanche.fr\/index.php?rest_route=%2Fwp%2Fv2%2Fcomments&post=839"}],"version-history":[{"count":12,"href":"https:\/\/mairielachapelleblanche.fr\/index.php?rest_route=\/wp\/v2\/pages\/839\/revisions"}],"predecessor-version":[{"id":1148,"href":"https:\/\/mairielachapelleblanche.fr\/index.php?rest_route=\/wp\/v2\/pages\/839\/revisions\/1148"}],"up":[{"embeddable":true,"href":"https:\/\/mairielachapelleblanche.fr\/index.php?rest_route=\/wp\/v2\/pages\/13"}],"wp:attachment":[{"href":"https:\/\/mairielachapelleblanche.fr\/index.php?rest_route=%2Fwp%2Fv2%2Fmedia&parent=839"}],"curies":[{"name":"wp","href":"https:\/\/api.w.org\/{rel}","templated":true}]}}