{"id":80,"date":"2021-09-13T16:40:43","date_gmt":"2021-09-13T14:40:43","guid":{"rendered":"https:\/\/mairielachapelleblanche.fr\/?page_id=80"},"modified":"2025-06-25T11:04:12","modified_gmt":"2025-06-25T09:04:12","slug":"le-peri-scolaire","status":"publish","type":"page","link":"https:\/\/mairielachapelleblanche.fr\/?page_id=80","title":{"rendered":"Le p\u00e9ri scolaire"},"content":{"rendered":"\n<p><strong>Inscription cantine et\/ou p\u00e9riscolaire pour 2025-2026.<\/strong><\/p>\n\n\n\n<p>Vous trouverez ici les formulaires \u00e0 remplir pour l&rsquo;ann\u00e9e scolaire \u00e0 venir. Pensez aussi \u00e0 consulter le r\u00e8glement int\u00e9rieur mis \u00e0 jour.<\/p>\n\n\n\n<p><\/p>\n\n\n\n<div class=\"wp-block-file\"><a id=\"wp-block-file--media-78288bb3-b890-4237-89d1-b3468315f74f\" href=\"http:\/\/mairielachapelleblanche.fr\/wp-content\/uploads\/2023\/07\/Presentation-Logiciel-Reservation-Periscolaire.pdf\" target=\"_blank\" rel=\"noreferrer noopener\">Pr\u00e9sentation Logiciel R\u00e9servation Periscolaire<\/a><a href=\"http:\/\/mairielachapelleblanche.fr\/wp-content\/uploads\/2023\/07\/Presentation-Logiciel-Reservation-Periscolaire.pdf\" class=\"wp-block-file__button wp-element-button\" download aria-describedby=\"wp-block-file--media-78288bb3-b890-4237-89d1-b3468315f74f\">T\u00e9l\u00e9charger<\/a><\/div>\n\n\n\n<div class=\"wp-block-file\"><a id=\"wp-block-file--media-e8357926-3ec1-40c3-86d7-910acffcc85e\" href=\"http:\/\/mairielachapelleblanche.fr\/wp-content\/uploads\/2025\/06\/250624-Dossier-inscription-complet-periscolaire-2025-2026.pdf\" target=\"_blank\" rel=\"noreferrer noopener\">Dossier inscription complet p\u00e9riscolaire 2025 &#8211; 2026<\/a><a href=\"http:\/\/mairielachapelleblanche.fr\/wp-content\/uploads\/2025\/06\/250624-Dossier-inscription-complet-periscolaire-2025-2026.pdf\" class=\"wp-block-file__button wp-element-button\" download aria-describedby=\"wp-block-file--media-e8357926-3ec1-40c3-86d7-910acffcc85e\">T\u00e9l\u00e9charger le dossier<\/a><\/div>\n\n\n\n<h2 class=\"wp-block-heading\">Les menus de la cantine<\/h2>\n\n\n\n<p>D\u00e9couvrez ce que mangent vos chers petit(e)s. <\/p>\n\n\n\n<h2 class=\"wp-block-heading\">Paiement en ligne<\/h2>\n\n\n\n<div class=\"wp-block-media-text alignwide has-media-on-the-right is-stacked-on-mobile\" style=\"grid-template-columns:auto 23%\"><div class=\"wp-block-media-text__content\">\n<p>Vous avez la possibilit\u00e9 de payer vos factures de cantine\/garderie <a href=\"https:\/\/www.tipi.budget.gouv.fr\/tpa\/accueilportail.web\" data-type=\"URL\" data-id=\"https:\/\/www.tipi.budget.gouv.fr\/tpa\/accueilportail.web\">ici<\/a><\/p>\n<\/div><figure class=\"wp-block-media-text__media\"><a href=\"https:\/\/www.tipi.budget.gouv.fr\/tpa\/accueilportail.web\"><img loading=\"lazy\" decoding=\"async\" width=\"196\" height=\"180\" src=\"http:\/\/mairielachapelleblanche.fr\/wp-content\/uploads\/2022\/10\/P_E_L.png\" alt=\"\" class=\"wp-image-824 size-full\"\/><\/a><\/figure><\/div>\n","protected":false},"excerpt":{"rendered":"<p>Inscription cantine et\/ou p\u00e9riscolaire pour 2025-2026. Vous trouverez ici les formulaires \u00e0 remplir pour l&rsquo;ann\u00e9e scolaire \u00e0 venir. Pensez aussi \u00e0 consulter le r\u00e8glement int\u00e9rieur mis \u00e0 jour. Les menus de la cantine D\u00e9couvrez ce que mangent vos chers petit(e)s. Paiement en ligne Vous avez la possibilit\u00e9 de payer vos factures de cantine\/garderie ici<\/p>\n","protected":false},"author":1,"featured_media":0,"parent":0,"menu_order":0,"comment_status":"closed","ping_status":"closed","template":"","meta":{"footnotes":""},"class_list":["post-80","page","type-page","status-publish","format-standard","hentry","post-wrap"],"_links":{"self":[{"href":"https:\/\/mairielachapelleblanche.fr\/index.php?rest_route=\/wp\/v2\/pages\/80","targetHints":{"allow":["GET"]}}],"collection":[{"href":"https:\/\/mairielachapelleblanche.fr\/index.php?rest_route=\/wp\/v2\/pages"}],"about":[{"href":"https:\/\/mairielachapelleblanche.fr\/index.php?rest_route=\/wp\/v2\/types\/page"}],"author":[{"embeddable":true,"href":"https:\/\/mairielachapelleblanche.fr\/index.php?rest_route=\/wp\/v2\/users\/1"}],"replies":[{"embeddable":true,"href":"https:\/\/mairielachapelleblanche.fr\/index.php?rest_route=%2Fwp%2Fv2%2Fcomments&post=80"}],"version-history":[{"count":22,"href":"https:\/\/mairielachapelleblanche.fr\/index.php?rest_route=\/wp\/v2\/pages\/80\/revisions"}],"predecessor-version":[{"id":1659,"href":"https:\/\/mairielachapelleblanche.fr\/index.php?rest_route=\/wp\/v2\/pages\/80\/revisions\/1659"}],"wp:attachment":[{"href":"https:\/\/mairielachapelleblanche.fr\/index.php?rest_route=%2Fwp%2Fv2%2Fmedia&parent=80"}],"curies":[{"name":"wp","href":"https:\/\/api.w.org\/{rel}","templated":true}]}}