{"id":76,"date":"2021-09-13T16:40:09","date_gmt":"2021-09-13T14:40:09","guid":{"rendered":"https:\/\/mairielachapelleblanche.fr\/?page_id=76"},"modified":"2024-03-13T20:13:20","modified_gmt":"2024-03-13T19:13:20","slug":"ballades-sport-et-patrimoine-lien-vers-tourisme-en-coeur-de-savoie","status":"publish","type":"page","link":"https:\/\/mairielachapelleblanche.fr\/?page_id=76","title":{"rendered":"Ballades, sport et patrimoine"},"content":{"rendered":"\n<h2 class=\"wp-block-heading\">Tourisme en Coeur de Savoie<\/h2>\n\n\n\n<p>Tourisme en Coeur de Savoie vous propose une&nbsp;<strong><a href=\"http:\/\/tourisme.coeurdesavoie.fr\/\" target=\"_blank\" rel=\"noreferrer noopener\">s\u00e9lection d&rsquo;itin\u00e9raires<\/a><\/strong>&nbsp;sportifs, culturels ou gourmants.<\/p>\n\n\n\n<p>Vous souhaitez faire d\u00e9couvrir un itin\u00e9raire et le publier sur le site : <a href=\"https:\/\/mairielachapelleblanche.fr\/?page_id=97\">contacter la mairie<\/a>.<\/p>\n","protected":false},"excerpt":{"rendered":"<p>Tourisme en Coeur de Savoie Tourisme en Coeur de Savoie vous propose une&nbsp;s\u00e9lection d&rsquo;itin\u00e9raires&nbsp;sportifs, culturels ou gourmants. Vous souhaitez faire d\u00e9couvrir un itin\u00e9raire et le publier sur le site : contacter la mairie.<\/p>\n","protected":false},"author":1,"featured_media":0,"parent":0,"menu_order":0,"comment_status":"closed","ping_status":"closed","template":"","meta":{"footnotes":""},"class_list":["post-76","page","type-page","status-publish","format-standard","hentry","post-wrap"],"_links":{"self":[{"href":"https:\/\/mairielachapelleblanche.fr\/index.php?rest_route=\/wp\/v2\/pages\/76","targetHints":{"allow":["GET"]}}],"collection":[{"href":"https:\/\/mairielachapelleblanche.fr\/index.php?rest_route=\/wp\/v2\/pages"}],"about":[{"href":"https:\/\/mairielachapelleblanche.fr\/index.php?rest_route=\/wp\/v2\/types\/page"}],"author":[{"embeddable":true,"href":"https:\/\/mairielachapelleblanche.fr\/index.php?rest_route=\/wp\/v2\/users\/1"}],"replies":[{"embeddable":true,"href":"https:\/\/mairielachapelleblanche.fr\/index.php?rest_route=%2Fwp%2Fv2%2Fcomments&post=76"}],"version-history":[{"count":5,"href":"https:\/\/mairielachapelleblanche.fr\/index.php?rest_route=\/wp\/v2\/pages\/76\/revisions"}],"predecessor-version":[{"id":1382,"href":"https:\/\/mairielachapelleblanche.fr\/index.php?rest_route=\/wp\/v2\/pages\/76\/revisions\/1382"}],"wp:attachment":[{"href":"https:\/\/mairielachapelleblanche.fr\/index.php?rest_route=%2Fwp%2Fv2%2Fmedia&parent=76"}],"curies":[{"name":"wp","href":"https:\/\/api.w.org\/{rel}","templated":true}]}}