{"id":70,"date":"2021-09-13T16:38:31","date_gmt":"2021-09-13T14:38:31","guid":{"rendered":"https:\/\/mairielachapelleblanche.fr\/?page_id=70"},"modified":"2023-05-22T19:42:41","modified_gmt":"2023-05-22T17:42:41","slug":"la-municipalite","status":"publish","type":"page","link":"https:\/\/mairielachapelleblanche.fr\/?page_id=70","title":{"rendered":"La Municipalit\u00e9"},"content":{"rendered":"\n<div class=\"wp-block-columns are-vertically-aligned-top is-layout-flex wp-container-core-columns-is-layout-9d6595d7 wp-block-columns-is-layout-flex\">\n<div class=\"wp-block-column is-vertically-aligned-top is-layout-flow wp-block-column-is-layout-flow\">\n<h2 class=\"wp-block-heading\">Le Maire<\/h2>\n\n\n\n<p>St\u00e9phane DUPARC <\/p>\n\n\n\n<h2 class=\"wp-block-heading\">Les Adjoints<\/h2>\n\n\n\n<ul class=\"wp-block-list\"><li> 1\u00e8re Adjointe  : Claire CHARGUERON <\/li><li> 2 \u00e8me Adjoint : Bruno GUAZZONI <\/li><li> 3 \u00e8me Adjoint : St\u00e9phane OLIVIER <\/li><\/ul>\n<\/div>\n\n\n\n<div class=\"wp-block-column is-vertically-aligned-top is-layout-flow wp-block-column-is-layout-flow\">\n<h2 class=\"wp-block-heading\">Les Conseillers<\/h2>\n\n\n\n<ul class=\"wp-block-list\"><li> Fran\u00e7ois Courbois  <\/li><li>Patrick Dieufils  <\/li><li>Davy Droge  <\/li><li>Nathana\u00ebl Guazzoni  <\/li><li>H\u00e9l\u00e8ne Guilbert  <\/li><li>Dominique Granjon <\/li><li>St\u00e9phane Piovano <\/li><li>Monique P\u00e9nichon <\/li><li>Alison Straka<\/li><li>Maryline V\u00e9rot <\/li><\/ul>\n<\/div>\n<\/div>\n\n\n\n<figure class=\"wp-block-image size-large\"><img decoding=\"async\" src=\"http:\/\/mairielachapelleblanche.fr\/wp-content\/uploads\/2023\/05\/Trombinoscope-equipe-Mun-03_23.png\" alt=\"\"\/><\/figure>\n","protected":false},"excerpt":{"rendered":"<p>Le Maire St\u00e9phane DUPARC Les Adjoints 1\u00e8re Adjointe : Claire CHARGUERON 2 \u00e8me Adjoint : Bruno GUAZZONI 3 \u00e8me Adjoint : St\u00e9phane OLIVIER Les Conseillers Fran\u00e7ois Courbois Patrick Dieufils Davy Droge Nathana\u00ebl Guazzoni H\u00e9l\u00e8ne Guilbert Dominique Granjon St\u00e9phane Piovano Monique P\u00e9nichon Alison Straka Maryline V\u00e9rot<\/p>\n","protected":false},"author":1,"featured_media":0,"parent":0,"menu_order":0,"comment_status":"closed","ping_status":"closed","template":"","meta":{"footnotes":""},"class_list":["post-70","page","type-page","status-publish","format-standard","hentry","post-wrap"],"_links":{"self":[{"href":"https:\/\/mairielachapelleblanche.fr\/index.php?rest_route=\/wp\/v2\/pages\/70","targetHints":{"allow":["GET"]}}],"collection":[{"href":"https:\/\/mairielachapelleblanche.fr\/index.php?rest_route=\/wp\/v2\/pages"}],"about":[{"href":"https:\/\/mairielachapelleblanche.fr\/index.php?rest_route=\/wp\/v2\/types\/page"}],"author":[{"embeddable":true,"href":"https:\/\/mairielachapelleblanche.fr\/index.php?rest_route=\/wp\/v2\/users\/1"}],"replies":[{"embeddable":true,"href":"https:\/\/mairielachapelleblanche.fr\/index.php?rest_route=%2Fwp%2Fv2%2Fcomments&post=70"}],"version-history":[{"count":13,"href":"https:\/\/mairielachapelleblanche.fr\/index.php?rest_route=\/wp\/v2\/pages\/70\/revisions"}],"predecessor-version":[{"id":1121,"href":"https:\/\/mairielachapelleblanche.fr\/index.php?rest_route=\/wp\/v2\/pages\/70\/revisions\/1121"}],"wp:attachment":[{"href":"https:\/\/mairielachapelleblanche.fr\/index.php?rest_route=%2Fwp%2Fv2%2Fmedia&parent=70"}],"curies":[{"name":"wp","href":"https:\/\/api.w.org\/{rel}","templated":true}]}}