{"id":520,"date":"2022-01-18T13:15:57","date_gmt":"2022-01-18T12:15:57","guid":{"rendered":"http:\/\/mairielachapelleblanche.fr\/?page_id=520"},"modified":"2023-01-11T11:19:49","modified_gmt":"2023-01-11T10:19:49","slug":"le-conseil-des-enfants","status":"publish","type":"page","link":"https:\/\/mairielachapelleblanche.fr\/?page_id=520","title":{"rendered":"Le conseil des enfants"},"content":{"rendered":"\n<p>Octobre 2021, pour la seconde ann\u00e9e, le conseil des enfants de La Chapelle Blanche fonctionne.<\/p>\n\n\n\n<p> Campagne \u00e9lectorale, \u00e9lection et r\u00e9unions de conseil.  Vous trouverez sur cette page les compte rendu et toutes les informations permettant de suivre leurs travaux.<\/p>\n\n\n\n<h2 class=\"wp-block-heading\">Ann\u00e9e 2021-2022<\/h2>\n\n\n\n<div class=\"wp-block-columns is-layout-flex wp-container-core-columns-is-layout-9d6595d7 wp-block-columns-is-layout-flex\">\n<div class=\"wp-block-column is-layout-flow wp-block-column-is-layout-flow\" style=\"flex-basis:33.34%\"><div class=\"wp-block-image\">\n<figure class=\"aligncenter size-full is-resized\"><a href=\"http:\/\/mairielachapelleblanche.fr\/wp-content\/uploads\/2022\/01\/IMG_7141-rotated.jpg\" target=\"_blank\" rel=\"noopener\"><img loading=\"lazy\" decoding=\"async\" src=\"http:\/\/mairielachapelleblanche.fr\/wp-content\/uploads\/2022\/01\/IMG_7141-rotated.jpg\" alt=\"\" class=\"wp-image-525\" width=\"155\" height=\"207\" srcset=\"https:\/\/mairielachapelleblanche.fr\/wp-content\/uploads\/2022\/01\/IMG_7141-rotated.jpg 480w, https:\/\/mairielachapelleblanche.fr\/wp-content\/uploads\/2022\/01\/IMG_7141-225x300.jpg 225w, https:\/\/mairielachapelleblanche.fr\/wp-content\/uploads\/2022\/01\/IMG_7141-375x500.jpg 375w\" sizes=\"auto, (max-width: 155px) 100vw, 155px\" \/><\/a><figcaption>Passage dans l&rsquo;isoloir &#8211; 15\/10\/21<\/figcaption><\/figure><\/div><\/div>\n\n\n\n<div class=\"wp-block-column is-layout-flow wp-block-column-is-layout-flow\" style=\"flex-basis:33.33%\"><div class=\"wp-block-image\">\n<figure class=\"aligncenter size-full is-resized\"><a href=\"http:\/\/mairielachapelleblanche.fr\/wp-content\/uploads\/2022\/01\/IMG_7142-rotated.jpg\" target=\"_blank\" rel=\"noopener\"><img loading=\"lazy\" decoding=\"async\" src=\"http:\/\/mairielachapelleblanche.fr\/wp-content\/uploads\/2022\/01\/IMG_7142-rotated.jpg\" alt=\"\" class=\"wp-image-524\" width=\"156\" height=\"208\" srcset=\"https:\/\/mairielachapelleblanche.fr\/wp-content\/uploads\/2022\/01\/IMG_7142-rotated.jpg 480w, https:\/\/mairielachapelleblanche.fr\/wp-content\/uploads\/2022\/01\/IMG_7142-225x300.jpg 225w, https:\/\/mairielachapelleblanche.fr\/wp-content\/uploads\/2022\/01\/IMG_7142-375x500.jpg 375w\" sizes=\"auto, (max-width: 156px) 100vw, 156px\" \/><\/a><figcaption>Bureau de vote -15\/10\/21<\/figcaption><\/figure><\/div><\/div>\n\n\n\n<div class=\"wp-block-column is-layout-flow wp-block-column-is-layout-flow\" style=\"flex-basis:33.34%\"><div class=\"wp-block-image\">\n<figure class=\"aligncenter size-full is-resized\"><a href=\"http:\/\/mairielachapelleblanche.fr\/wp-content\/uploads\/2022\/01\/IMG_7167.jpg\" target=\"_blank\" rel=\"noopener\"><img loading=\"lazy\" decoding=\"async\" src=\"http:\/\/mairielachapelleblanche.fr\/wp-content\/uploads\/2022\/01\/IMG_7167.jpg\" alt=\"\" class=\"wp-image-523\" width=\"278\" height=\"208\" srcset=\"https:\/\/mairielachapelleblanche.fr\/wp-content\/uploads\/2022\/01\/IMG_7167.jpg 640w, https:\/\/mairielachapelleblanche.fr\/wp-content\/uploads\/2022\/01\/IMG_7167-300x225.jpg 300w\" sizes=\"auto, (max-width: 278px) 100vw, 278px\" \/><\/a><figcaption> Installation du nouveau conseil le 19 octobre 2021 <\/figcaption><\/figure><\/div><\/div>\n<\/div>\n\n\n\n<hr class=\"wp-block-separator has-css-opacity aligncenter is-style-wide\"\/>\n\n\n\n<h2 class=\"wp-block-heading\">Op\u00e9ration Village Propre 2022<\/h2>\n\n\n\n<div class=\"wp-block-columns is-layout-flex wp-container-core-columns-is-layout-9d6595d7 wp-block-columns-is-layout-flex\">\n<div class=\"wp-block-column is-layout-flow wp-block-column-is-layout-flow\" style=\"flex-basis:100%\">\n<div class=\"wp-block-media-text alignwide is-stacked-on-mobile is-vertically-aligned-center\" style=\"grid-template-columns:28% auto\"><figure class=\"wp-block-media-text__media\"><img loading=\"lazy\" decoding=\"async\" width=\"724\" height=\"1024\" src=\"http:\/\/mairielachapelleblanche.fr\/wp-content\/uploads\/2022\/05\/Affiche_village_propre_2022-1-724x1024.jpg\" alt=\"\" class=\"wp-image-681 size-full\" srcset=\"https:\/\/mairielachapelleblanche.fr\/wp-content\/uploads\/2022\/05\/Affiche_village_propre_2022-1-724x1024.jpg 724w, https:\/\/mairielachapelleblanche.fr\/wp-content\/uploads\/2022\/05\/Affiche_village_propre_2022-1-212x300.jpg 212w, https:\/\/mairielachapelleblanche.fr\/wp-content\/uploads\/2022\/05\/Affiche_village_propre_2022-1-768x1086.jpg 768w, https:\/\/mairielachapelleblanche.fr\/wp-content\/uploads\/2022\/05\/Affiche_village_propre_2022-1-1086x1536.jpg 1086w, https:\/\/mairielachapelleblanche.fr\/wp-content\/uploads\/2022\/05\/Affiche_village_propre_2022-1-353x500.jpg 353w, https:\/\/mairielachapelleblanche.fr\/wp-content\/uploads\/2022\/05\/Affiche_village_propre_2022-1.jpg 1240w\" sizes=\"auto, (max-width: 724px) 100vw, 724px\" \/><\/figure><div class=\"wp-block-media-text__content\">\n<p class=\"has-normal-font-size\">Le conseil des enfants renouvelle l&rsquo;op\u00e9ration Village Propre  et propose une collecte des d\u00e9chets par les b\u00e9n\u00e9voles le 7 juin 2022. <\/p>\n\n\n\n<p> Venez participer nombreux, en famille, \u00e0 cette action conviviale. <\/p>\n\n\n\n<p>Rendez vous \u00e0 la mairie \u00e0 18h00.<\/p>\n<\/div><\/div>\n<\/div>\n<\/div>\n\n\n\n<hr class=\"wp-block-separator has-css-opacity aligncenter is-style-wide\"\/>\n\n\n\n<h2 class=\"wp-block-heading\"><strong>Une fresque pour le climat en 2022 <\/strong><\/h2>\n\n\n\n<p>En 2021 le conseil des enfants avaient pour projet de \u00ab&nbsp;<em>faire un graf\u2019 sur un mur moche<\/em>&nbsp;\u00bb.<\/p>\n\n\n\n<figure class=\"wp-block-image alignwide size-large\"><img loading=\"lazy\" decoding=\"async\" width=\"1024\" height=\"576\" src=\"http:\/\/mairielachapelleblanche.fr\/wp-content\/uploads\/2023\/01\/fresque-climat-1024x576.jpg\" alt=\"\" class=\"wp-image-904\" srcset=\"https:\/\/mairielachapelleblanche.fr\/wp-content\/uploads\/2023\/01\/fresque-climat-1024x576.jpg 1024w, https:\/\/mairielachapelleblanche.fr\/wp-content\/uploads\/2023\/01\/fresque-climat-300x169.jpg 300w, https:\/\/mairielachapelleblanche.fr\/wp-content\/uploads\/2023\/01\/fresque-climat-768x432.jpg 768w, https:\/\/mairielachapelleblanche.fr\/wp-content\/uploads\/2023\/01\/fresque-climat-750x422.jpg 750w, https:\/\/mairielachapelleblanche.fr\/wp-content\/uploads\/2023\/01\/fresque-climat.jpg 1280w\" sizes=\"auto, (max-width: 1024px) 100vw, 1024px\" \/><\/figure>\n\n\n\n<p>Le 13 mai 2021, Emma, Ellie, Emilio et Rapha\u00ebl ont d\u00e9fendu leur id\u00e9e devant les membres de la communaut\u00e9 de communes et ont obtenu une aide de 1&nbsp;600&nbsp;euros en compl\u00e9ment d\u2019une subvention municipale de 500&nbsp;euros. Pour ce qui concerne la r\u00e9alisation proprement dite, ils ont travaill\u00e9  autour du graffeur professionnel St\u00e9phane Gerbaud de MEDLAKOLOR, d\u2019abord en atelier puis sur le mur lui-m\u00eame. <br>Le r\u00e9sultat est splendide et \u00e0 la hauteur des attentes des artistes en herbe : embellir la rue et les abords de l\u2019\u00e9cole, tout en faisant passer leur message face au d\u00e9r\u00e8glement climatique:<\/p>\n\n\n\n<p><em><strong>\u00ab\u00a0Parce que chaque geste compte\u00a0\u00bb.<\/strong><\/em><\/p>\n\n\n\n<p>Bravo \u00e0 tous et merci \u00e0 C\u0153ur de Savoie pour son financement<\/p>\n\n\n\n<hr class=\"wp-block-separator has-text-color has-cyan-bluish-gray-color has-css-opacity has-cyan-bluish-gray-background-color has-background aligncenter is-style-wide\"\/>\n\n\n\n<h2 class=\"wp-block-heading\">Les CR des r\u00e9unions :<\/h2>\n\n\n\n<p>Le compte rendu du conseil des enfants du 06 janvier 2023 est consultable  :<a href=\"http:\/\/mairielachapelleblanche.fr\/wp-content\/uploads\/2023\/01\/CR_06.01.2023.pdf\"> Ici<\/a><\/p>\n\n\n\n<p>Le compte rendu du conseil des enfants du 10 d\u00e9cembre 2021 est consultable  :<a rel=\"noreferrer noopener\" href=\"http:\/\/mairielachapelleblanche.fr\/wp-content\/uploads\/2022\/01\/CR_ConsEenf_10.12.2021.pdf\" target=\"_blank\"> Ici<\/a><\/p>\n\n\n\n<p>Le compte rendu du conseil des enfants du 07 janvier 2022 est consultable  :<a href=\"http:\/\/mairielachapelleblanche.fr\/wp-content\/uploads\/2022\/01\/CR_07.01.2022.pdf\" target=\"_blank\" rel=\"noreferrer noopener\"> Ici<\/a><\/p>\n\n\n\n<p>Le compte rendu du conseil des enfants du 28 janvier 2022 est consultable  :<a href=\"http:\/\/mairielachapelleblanche.fr\/wp-content\/uploads\/2022\/02\/CR_28.01.2022.pdf\" target=\"_blank\" rel=\"noreferrer noopener\"> Ici<\/a><\/p>\n\n\n\n<p><\/p>\n\n\n\n<p><\/p>\n","protected":false},"excerpt":{"rendered":"<p>Octobre 2021, pour la seconde ann\u00e9e, le conseil des enfants de La Chapelle Blanche fonctionne. Campagne \u00e9lectorale, \u00e9lection et r\u00e9unions de conseil. Vous trouverez sur cette page les compte rendu et toutes les informations permettant de suivre leurs travaux. Ann\u00e9e 2021-2022 Op\u00e9ration Village Propre 2022 Le conseil des enfants renouvelle l&rsquo;op\u00e9ration Village Propre et propose&#8230;<\/p>\n","protected":false},"author":1,"featured_media":0,"parent":0,"menu_order":0,"comment_status":"closed","ping_status":"closed","template":"","meta":{"footnotes":""},"class_list":["post-520","page","type-page","status-publish","format-standard","hentry","post-wrap"],"_links":{"self":[{"href":"https:\/\/mairielachapelleblanche.fr\/index.php?rest_route=\/wp\/v2\/pages\/520","targetHints":{"allow":["GET"]}}],"collection":[{"href":"https:\/\/mairielachapelleblanche.fr\/index.php?rest_route=\/wp\/v2\/pages"}],"about":[{"href":"https:\/\/mairielachapelleblanche.fr\/index.php?rest_route=\/wp\/v2\/types\/page"}],"author":[{"embeddable":true,"href":"https:\/\/mairielachapelleblanche.fr\/index.php?rest_route=\/wp\/v2\/users\/1"}],"replies":[{"embeddable":true,"href":"https:\/\/mairielachapelleblanche.fr\/index.php?rest_route=%2Fwp%2Fv2%2Fcomments&post=520"}],"version-history":[{"count":29,"href":"https:\/\/mairielachapelleblanche.fr\/index.php?rest_route=\/wp\/v2\/pages\/520\/revisions"}],"predecessor-version":[{"id":910,"href":"https:\/\/mairielachapelleblanche.fr\/index.php?rest_route=\/wp\/v2\/pages\/520\/revisions\/910"}],"wp:attachment":[{"href":"https:\/\/mairielachapelleblanche.fr\/index.php?rest_route=%2Fwp%2Fv2%2Fmedia&parent=520"}],"curies":[{"name":"wp","href":"https:\/\/api.w.org\/{rel}","templated":true}]}}