{"id":484,"date":"2022-01-09T20:24:40","date_gmt":"2022-01-09T19:24:40","guid":{"rendered":"http:\/\/mairielachapelleblanche.fr\/?page_id=484"},"modified":"2022-07-08T07:51:30","modified_gmt":"2022-07-08T05:51:30","slug":"dechets-collectes-selectives-et-decheterie","status":"publish","type":"page","link":"https:\/\/mairielachapelleblanche.fr\/?page_id=484","title":{"rendered":"D\u00e9chets, collectes s\u00e9lectives et d\u00e9ch\u00e8terie"},"content":{"rendered":"\n<h2 class=\"wp-block-heading\">A chaque d\u00e9chet sa fili\u00e8re<\/h2>\n\n\n\n<h3 class=\"wp-block-heading\"><strong>&nbsp;Tri des mat\u00e9riaux recyclables<\/strong><\/h3>\n\n\n\n<p>Des containers sont \u00e0 votre disposition \u00e0 c\u00f4t\u00e9 du terrain de tennis pour d\u00e9poser<\/p>\n\n\n\n<ul class=\"wp-block-list\"><li>les emballages en verre<\/li><li>les emballages en plastique<\/li><li>les journaux et magazines<\/li><li>les emballages en fer ou en aluminium ainsi que les bouteilles et flacons en plastique<\/li><li>vos v\u00eatements et chaussures usag\u00e9s ou plus utilis\u00e9s<\/li><\/ul>\n\n\n\n<p>Tous ces mat\u00e9riaux sont collect\u00e9s et recycl\u00e9s ce qui d&rsquo;une part profite \u00e0 l&rsquo;environnement et d&rsquo;autre part all\u00e8ge les co\u00fbts de gestion des d\u00e9chets que le syndicat* demande aux communes membres.<\/p>\n\n\n\n<p>Voir ici <strong><a href=\"http:\/\/sibrecsa.fr\/index.php\/tri-et-recyclage\/les-consignes-de-tri\" target=\"_blank\" rel=\"noreferrer noopener\">les consignes de tri<\/a><\/strong><\/p>\n\n\n\n<p>Dans ce m\u00eame esprit, vous pouvez aussi trier vos <strong>d\u00e9chets organiques<\/strong> (\u00e9pluchures et restes de repas) pour les transformer en compost ou nourrir vos poules, chiens ou chats&#8230;Le Sibrecsa* vous donne de bon conseils pour ce compostage domestique et peut aussi vous fournir un composteur au prix avantageux de 15\u20ac.<\/p>\n\n\n\n<h3 class=\"wp-block-heading\"><strong>D\u00e9ch\u00e8teries<\/strong><\/h3>\n\n\n\n<p>Vous pouvez apporter en <strong>d\u00e9ch\u00e8teries<\/strong> vos d\u00e9chets encombrants, gravats, d\u00e9chets v\u00e9g\u00e9taux, meubles, ferrailles, appareils \u00e9lectriques ou \u00e9lectroniques, d\u00e9chets sp\u00e9ciaux (piles, lampes fluo, peintures, vernis, colles&#8230;).<\/p>\n\n\n\n<div class=\"wp-block-file\"><a href=\"http:\/\/mairielachapelleblanche.fr\/wp-content\/uploads\/2022\/07\/Affiche-OM_Decheteries.pdf\">Les nouveaux horaires des d\u00e9ch\u00e8teries sont t\u00e9l\u00e9chargeables ici<\/a><\/div>\n\n\n\n<p><strong>Collecte des ordures m\u00e9nag\u00e8res<\/strong><\/p>\n\n\n\n<div class=\"wp-block-image\"><figure class=\"alignright size-full\"><img loading=\"lazy\" decoding=\"async\" width=\"94\" height=\"134\" src=\"http:\/\/mairielachapelleblanche.fr\/wp-content\/uploads\/2022\/01\/sibrecsa.jpg\" alt=\"\" class=\"wp-image-486\"\/><\/figure><\/div>\n\n\n\n<p>Les ordures doivent \u00eatre plac\u00e9es dans des sacs ferm\u00e9s eux m\u00eame plac\u00e9s dans un bac \u00e0 roulettes conforme (voir r\u00e8glement de collecte en pi\u00e8ce jointe). Seules les ordures r\u00e9siduelles sont admises c&rsquo;est \u00e0 dire apr\u00e8s tri des mat\u00e9riaux recyclables ou compostables.<\/p>\n\n\n\n<p>Les jours de collectes sont disponibles sur le site du <strong><a href=\"http:\/\/sibrecsa.fr\/\" target=\"_blank\" rel=\"noreferrer noopener\">Sibrecsa<\/a>.<\/strong><\/p>\n\n\n\n<p>* La commune adh\u00e8re au SIBRECSA (Syndicat Intercommunal du Br\u00e9da et de la Combe de Savoie). Organisme public qui g\u00e8re la collecte et le traitement des d\u00e9chets m\u00e9nagers sur son territoire soit environ 53 000 habitants. Il regroupe 47 communes sur les d\u00e9partements de l\u2019Is\u00e8re (18 communes) et de la Savoie (29 communes).<\/p>\n","protected":false},"excerpt":{"rendered":"<p>A chaque d\u00e9chet sa fili\u00e8re &nbsp;Tri des mat\u00e9riaux recyclables Des containers sont \u00e0 votre disposition \u00e0 c\u00f4t\u00e9 du terrain de tennis pour d\u00e9poser les emballages en verre les emballages en plastique les journaux et magazines les emballages en fer ou en aluminium ainsi que les bouteilles et flacons en plastique vos v\u00eatements et chaussures usag\u00e9s&#8230;<\/p>\n","protected":false},"author":1,"featured_media":0,"parent":0,"menu_order":0,"comment_status":"closed","ping_status":"closed","template":"","meta":{"footnotes":""},"class_list":["post-484","page","type-page","status-publish","format-standard","hentry","post-wrap"],"_links":{"self":[{"href":"https:\/\/mairielachapelleblanche.fr\/index.php?rest_route=\/wp\/v2\/pages\/484","targetHints":{"allow":["GET"]}}],"collection":[{"href":"https:\/\/mairielachapelleblanche.fr\/index.php?rest_route=\/wp\/v2\/pages"}],"about":[{"href":"https:\/\/mairielachapelleblanche.fr\/index.php?rest_route=\/wp\/v2\/types\/page"}],"author":[{"embeddable":true,"href":"https:\/\/mairielachapelleblanche.fr\/index.php?rest_route=\/wp\/v2\/users\/1"}],"replies":[{"embeddable":true,"href":"https:\/\/mairielachapelleblanche.fr\/index.php?rest_route=%2Fwp%2Fv2%2Fcomments&post=484"}],"version-history":[{"count":13,"href":"https:\/\/mairielachapelleblanche.fr\/index.php?rest_route=\/wp\/v2\/pages\/484\/revisions"}],"predecessor-version":[{"id":774,"href":"https:\/\/mairielachapelleblanche.fr\/index.php?rest_route=\/wp\/v2\/pages\/484\/revisions\/774"}],"wp:attachment":[{"href":"https:\/\/mairielachapelleblanche.fr\/index.php?rest_route=%2Fwp%2Fv2%2Fmedia&parent=484"}],"curies":[{"name":"wp","href":"https:\/\/api.w.org\/{rel}","templated":true}]}}