{"id":17,"date":"2021-09-13T10:15:11","date_gmt":"2021-09-13T08:15:11","guid":{"rendered":"https:\/\/mairielachapelleblanche.fr\/?page_id=17"},"modified":"2024-12-28T18:23:19","modified_gmt":"2024-12-28T17:23:19","slug":"urbanissme","status":"publish","type":"page","link":"https:\/\/mairielachapelleblanche.fr\/?page_id=17","title":{"rendered":"Urbanisme"},"content":{"rendered":"\n<hr class=\"wp-block-separator has-alpha-channel-opacity is-style-wide\"\/>\n\n\n\n<h2 class=\"wp-block-heading\">Portail Usager Urbanisme<\/h2>\n\n\n\n<div class=\"wp-block-media-text alignwide is-stacked-on-mobile\" style=\"grid-template-columns:48% auto\"><figure class=\"wp-block-media-text__media\"><a href=\"https:\/\/pu.rgd.fr\" target=\"_blank\" rel=\"noopener\"><img loading=\"lazy\" decoding=\"async\" width=\"212\" height=\"300\" src=\"http:\/\/mairielachapelleblanche.fr\/wp-content\/uploads\/2022\/02\/image-urba-demat-mars-2022-212x300.jpg\" alt=\"\" class=\"wp-image-614 size-medium\" srcset=\"https:\/\/mairielachapelleblanche.fr\/wp-content\/uploads\/2022\/02\/image-urba-demat-mars-2022-212x300.jpg 212w, https:\/\/mairielachapelleblanche.fr\/wp-content\/uploads\/2022\/02\/image-urba-demat-mars-2022-724x1024.jpg 724w, https:\/\/mairielachapelleblanche.fr\/wp-content\/uploads\/2022\/02\/image-urba-demat-mars-2022-768x1086.jpg 768w, https:\/\/mairielachapelleblanche.fr\/wp-content\/uploads\/2022\/02\/image-urba-demat-mars-2022-1086x1536.jpg 1086w, https:\/\/mairielachapelleblanche.fr\/wp-content\/uploads\/2022\/02\/image-urba-demat-mars-2022-353x500.jpg 353w, https:\/\/mairielachapelleblanche.fr\/wp-content\/uploads\/2022\/02\/image-urba-demat-mars-2022.jpg 1240w\" sizes=\"auto, (max-width: 212px) 100vw, 212px\" \/><\/a><\/figure><div class=\"wp-block-media-text__content\">\n<p>Vous pouvez d\u00e9sormais faire vos demandes d&rsquo;autorisation d&rsquo;urbanisme en ligne. Le lien en cliquant sur \u00ab\u00a0<strong>Info Urbanisme<\/strong>\u00ab\u00a0<\/p>\n<\/div><\/div>\n\n\n\n<hr class=\"wp-block-separator has-text-color has-black-color has-alpha-channel-opacity has-black-background-color has-background\"\/>\n\n\n\n<h2 class=\"wp-block-heading\">Plan Local d\u2019urbanisme<\/h2>\n\n\n\n<p>Le but d&rsquo;un plan local d&rsquo;urbanisme est de ma\u00eetriser le foncier, prot\u00e9ger les zones agricoles et naturelles, \u00e9viter l\u2019\u00e9talement urbain et densifier les zones constructibles tout en organisant les am\u00e9nagements \u00e0 venir dans le cadre des r\u00e8gles sup\u00e9rieures  notamment du SCOT (Sch\u00e9ma de Coh\u00e9rence Territoriale). <\/p>\n\n\n\n<hr class=\"wp-block-separator has-text-color has-black-color has-alpha-channel-opacity has-black-background-color has-background\"\/>\n\n\n\n<h2 class=\"wp-block-heading\">Zonage et r\u00e8glement de zone<\/h2>\n\n\n\n<p>La commune est divis\u00e9e en diff\u00e9rentes zones.<\/p>\n\n\n\n<p>Vous pouvez consulter le site&nbsp;<strong><a href=\"http:\/\/geoportail-des-savoie.org\/#16\/45.4499\/6.0732\">Geoportail des Savoie<\/a>&nbsp;<\/strong>afin d\u2019identifier \u00e0 quel zonage et r\u00e8glement se rattache votre parcelle ou contactez votre mairie.<\/p>\n\n\n\n<hr class=\"wp-block-separator has-text-color has-black-color has-alpha-channel-opacity has-black-background-color has-background\"\/>\n\n\n\n<h2 class=\"wp-block-heading\">Cadastre Solaire de C\u0153ur de Savoie<\/h2>\n\n\n\n<p>C\u0153ur de Savoie met \u00e0  disposition de ses  habitants  un cadastre solaire afin de conna\u00eetre le potentiel solaire de leur habitation ou de leur entreprise pour produire de l\u2019\u00e9lectricit\u00e9 ou chauffer de l\u2019eau. <\/p>\n\n\n\n<p>Les coordonn\u00e9es des installateurs, des guides pratiques et les liens essentiels sont aussi disponibles sur la m\u00eame page de www.coeurdesavoie.fr ici :<\/p>\n\n\n\n<figure class=\"wp-block-image size-large is-resized\"><a href=\"https:\/\/www.coeurdesavoie.fr\/4021-cadastre-solaire.htm\"><img loading=\"lazy\" decoding=\"async\" width=\"1024\" height=\"499\" src=\"http:\/\/mairielachapelleblanche.fr\/wp-content\/uploads\/2024\/12\/image-1024x499.png\" alt=\"\" class=\"wp-image-1552\" style=\"width:768px;height:auto\" srcset=\"https:\/\/mairielachapelleblanche.fr\/wp-content\/uploads\/2024\/12\/image-1024x499.png 1024w, https:\/\/mairielachapelleblanche.fr\/wp-content\/uploads\/2024\/12\/image-300x146.png 300w, https:\/\/mairielachapelleblanche.fr\/wp-content\/uploads\/2024\/12\/image-768x374.png 768w, https:\/\/mairielachapelleblanche.fr\/wp-content\/uploads\/2024\/12\/image-750x366.png 750w, https:\/\/mairielachapelleblanche.fr\/wp-content\/uploads\/2024\/12\/image.png 1200w\" sizes=\"auto, (max-width: 1024px) 100vw, 1024px\" \/><\/a><\/figure>\n","protected":false},"excerpt":{"rendered":"<p>Portail Usager Urbanisme Vous pouvez d\u00e9sormais faire vos demandes d&rsquo;autorisation d&rsquo;urbanisme en ligne. Le lien en cliquant sur \u00ab\u00a0Info Urbanisme\u00ab\u00a0 Plan Local d\u2019urbanisme Le but d&rsquo;un plan local d&rsquo;urbanisme est de ma\u00eetriser le foncier, prot\u00e9ger les zones agricoles et naturelles, \u00e9viter l\u2019\u00e9talement urbain et densifier les zones constructibles tout en organisant les am\u00e9nagements \u00e0 venir&#8230;<\/p>\n","protected":false},"author":1,"featured_media":0,"parent":0,"menu_order":0,"comment_status":"closed","ping_status":"closed","template":"","meta":{"footnotes":""},"class_list":["post-17","page","type-page","status-publish","format-standard","hentry","post-wrap"],"_links":{"self":[{"href":"https:\/\/mairielachapelleblanche.fr\/index.php?rest_route=\/wp\/v2\/pages\/17","targetHints":{"allow":["GET"]}}],"collection":[{"href":"https:\/\/mairielachapelleblanche.fr\/index.php?rest_route=\/wp\/v2\/pages"}],"about":[{"href":"https:\/\/mairielachapelleblanche.fr\/index.php?rest_route=\/wp\/v2\/types\/page"}],"author":[{"embeddable":true,"href":"https:\/\/mairielachapelleblanche.fr\/index.php?rest_route=\/wp\/v2\/users\/1"}],"replies":[{"embeddable":true,"href":"https:\/\/mairielachapelleblanche.fr\/index.php?rest_route=%2Fwp%2Fv2%2Fcomments&post=17"}],"version-history":[{"count":18,"href":"https:\/\/mairielachapelleblanche.fr\/index.php?rest_route=\/wp\/v2\/pages\/17\/revisions"}],"predecessor-version":[{"id":1555,"href":"https:\/\/mairielachapelleblanche.fr\/index.php?rest_route=\/wp\/v2\/pages\/17\/revisions\/1555"}],"wp:attachment":[{"href":"https:\/\/mairielachapelleblanche.fr\/index.php?rest_route=%2Fwp%2Fv2%2Fmedia&parent=17"}],"curies":[{"name":"wp","href":"https:\/\/api.w.org\/{rel}","templated":true}]}}