{"id":1332,"date":"2024-03-03T19:47:31","date_gmt":"2024-03-03T18:47:31","guid":{"rendered":"http:\/\/mairielachapelleblanche.fr\/?page_id=1332"},"modified":"2024-03-11T22:27:42","modified_gmt":"2024-03-11T21:27:42","slug":"zones-dacceleration-des-energies-renouvelables","status":"publish","type":"page","link":"https:\/\/mairielachapelleblanche.fr\/?page_id=1332","title":{"rendered":"D\u00e9finition des Zones d\u2019Acc\u00e9l\u00e9ration des \u00c9nergies renouvelables"},"content":{"rendered":"\n<h3 class=\"has-vivid-green-cyan-color has-text-color wp-block-heading\">1- Contexte g\u00e9n\u00e9ral de la d\u00e9finition des ZAEnr<\/h3>\n\n\n\n<p style=\"font-size:14px\">La loi n\u00b02023-175 du 10 mars 2023 relative \u00e0 l\u2019acc\u00e9l\u00e9ration de la Production des \u00c9nergies Renouvelables dite \u00ab\u00a0Loi APER\u00a0\u00bb appelle \u00e0 planifier les installations d\u2019\u00c9nergies Renouvelables sur l\u2019ensemble du territoire national. L\u2019objectif est de s\u2019assurer d\u2019une capacit\u00e9 de production suffisante pour atteindre nos objectifs d\u2019autonomie \u00e9nerg\u00e9tique et de d\u00e9carbonation \u00e0 l\u2019horizon 2050 avec une d\u00e9clinaison locale.<\/p>\n\n\n\n<p style=\"font-size:14px\"> La d\u00e9marche de planification, port\u00e9e par les communes, vise \u00e0 garantir leur souverainet\u00e9 dans les choix d\u2019implantation des installations, en accord avec les projets locaux, les potentiels et les contraintes de chaque territoire.<\/p>\n\n\n\n<p style=\"font-size:14px\">Chaque commune doit proposer, en concertation avec le niveau intercommunal, des \u00abzones d\u2019acc\u00e9l\u00e9ration\u00bb favorables \u00e0 l\u2019accueil des projets d\u2019\u00e9nergies renouvelables <strong>(ZAEnR) <\/strong>et y d\u00e9finir les types d\u2019\u00e9nergies renouvelables souhaitables et non souhaitables. Elles peuvent porter sur tous les types de foncier, public comme priv\u00e9. <\/p>\n\n\n\n<p style=\"font-size:14px\">Les zones d\u00e9finies doivent faire l\u2019objet d\u2019une concertation du public avant d\u00e9lib\u00e9ration en conseil municipal et transmission au pr\u00e9fet.<\/p>\n\n\n\n<hr class=\"wp-block-separator has-alpha-channel-opacity\"\/>\n\n\n\n<h3 class=\"has-vivid-green-cyan-color has-text-color wp-block-heading\">2- Les types d\u2019\u00e9nergies renouvelables<\/h3>\n\n\n\n<p style=\"font-size:14px\"><strong>Il existe plusieurs cat\u00e9gories d\u2019\u00e9nergies renouvelables :<\/strong><br>&#8211; Le photovolta\u00efque en toiture, au sol ou en ombri\u00e8re de parking pour de la production d \u00e9lectricit\u00e9<br>&#8211; Le solaire thermique en toiture ou au sol pour de la production d eau chaude sanitaire ou de chauffage<br>&#8211; La biomasse (bois d\u00e9chiquet\u00e9, bois granul\u00e9) pour la production de chauffage<br>&#8211; La g\u00e9othermie pour la production de chauffage<br>&#8211; L&rsquo;\u00e9olien pour la production d \u00e9lectricit\u00e9<br>&#8211; La m\u00e9thanisation des d\u00e9chets pour la production de gaz, de chauffage ou d&rsquo;\u00e9lectricit\u00e9<br>&#8211; Hydro\u00e9lectricit\u00e9 pour la production d \u00e9lectricit\u00e9<\/p>\n\n\n\n<p style=\"font-size:14px\">Pour mieux vous renseigner sur les diff\u00e9rents types d\u2019\u00e9nergie renouvelables, vous pouvez consulter les <a rel=\"noreferrer noopener\" href=\"https:\/\/librairie.ademe.fr\/energies-renouvelables-reseaux-et-stockage\/6363-energies-renouvelables-reussir-la-transition-energetique-de-mon-territoire.html\" target=\"_blank\">fiches techniques de l&rsquo;ADEME <\/a><\/p>\n\n\n\n<hr class=\"wp-block-separator has-alpha-channel-opacity\"\/>\n\n\n\n<h3 class=\"has-vivid-green-cyan-color has-text-color wp-block-heading\">3- Acc\u00e9l\u00e9ration des proc\u00e9dures pour les projets importants<\/h3>\n\n\n\n<p style=\"font-size:14px\">Les projets situ\u00e9s en ZAEnR devraient faire l\u2019objet d\u2019avantages en termes de d\u00e9lais d\u2019instruction et de soutiens financiers. Les d\u00e9crets indiquant ces modalit\u00e9s ne sont cependant pas encore parus.<\/p>\n\n\n\n<p style=\"font-size:14px\">Les projets situ\u00e9s ou non en ZAEnR seront soumis aux m\u00eames proc\u00e9dures r\u00e9glementaires, et pourront ou non par la suite \u00eatre autoris\u00e9s. Ces zones ne sont pas exclusives et des projets d\u2019\u00e9nergies renouvelables pourront \u00e9galement \u00eatre autoris\u00e9s en dehors de ces zones.<\/p>\n\n\n\n<p style=\"font-size:14px\"><strong>A priori, les projets de production d&rsquo;\u00e9nergie renouvelable vis\u00e9s sont des projets d&rsquo;ampleur et non les projets dimensionn\u00e9s pour un foyer individuel.<\/strong><\/p>\n\n\n\n<hr class=\"wp-block-separator has-alpha-channel-opacity\"\/>\n\n\n\n<h3 class=\"has-vivid-green-cyan-color has-text-color wp-block-heading\">4- Les propositions du conseil municipal de la Chapelle Blanche<\/h3>\n\n\n\n<p style=\"font-size:14px\">Sur la base des informations de notre communaut\u00e9 de communes C\u0153ur de Savoie (Voir carte ci apr\u00e8s), contenues dans le sch\u00e9ma de d\u00e9veloppement des \u00e9nergies renouvelables (SD Enr)  et compte tenu des objectifs fix\u00e9s dans le plan climat air \u00e9nergie territorial (PCAET), apr\u00e8s discussion le conseil municipal propose de retenir les zones suivantes : <\/p>\n\n\n\n<ol class=\"has-vivid-green-cyan-background-color has-background has-medium-font-size wp-block-list\"><li><strong>\u00c9nergie solaire thermique et photovolta\u00efque en toiture  : toute la commune <\/strong><\/li><li><strong>\u00c9nergie de la g\u00e9othermique  : toute la commune <\/strong><\/li><li><strong>\u00c9nergie de la biomasse : toute la commune <\/strong><\/li><\/ol>\n\n\n\n<div class=\"wp-block-file\"><a id=\"wp-block-file--media-adcc93ab-3764-4922-948e-71df1e84c5a8\" href=\"http:\/\/mairielachapelleblanche.fr\/wp-content\/uploads\/2024\/03\/Potentiel-ZAEnr_Lachapelleblanche.pdf\">Carte du  potentiel ZAEnr_sur la commune \u00e9tabli par C\u0153ur de Savoie<\/a><a href=\"http:\/\/mairielachapelleblanche.fr\/wp-content\/uploads\/2024\/03\/Potentiel-ZAEnr_Lachapelleblanche.pdf\" class=\"wp-block-file__button\" download aria-describedby=\"wp-block-file--media-adcc93ab-3764-4922-948e-71df1e84c5a8\">T\u00e9l\u00e9charger<\/a><\/div>\n\n\n\n<hr class=\"wp-block-separator has-alpha-channel-opacity\"\/>\n\n\n\n<h3 class=\"has-vivid-green-cyan-color has-text-color wp-block-heading\">5- La concertation<\/h3>\n\n\n\n<p class=\"has-text-align-center\" style=\"font-size:15px\">Les habitants de la Chapelle Blanche sont appel\u00e9s \u00e0 donner leur avis sur le zonage  d\u2019acc\u00e9l\u00e9ration des \u00e9nergies renouvelables : <br><br><strong>&#8211; sur le registre de concertation disponible <\/strong><br><strong>en mairie aux heures d&rsquo;ouverture au public jusqu&rsquo;au 24 mars 2024<\/strong><br><strong><br>&#8211; Lors de la r\u00e9union publique de concertation<\/strong><br><strong>le mercredi 20 mars \u00e0 20h \u00e0 la salle Jean MINET<\/strong><\/p>\n\n\n\n<p><\/p>\n\n\n\n<hr class=\"wp-block-separator has-alpha-channel-opacity\"\/>\n\n\n\n<h3 class=\"has-vivid-green-cyan-color has-text-color wp-block-heading\">6- D\u00e9cision<\/h3>\n\n\n\n<p style=\"font-size:14px\">Les ZAEnr feront l&rsquo;objet d&rsquo;une d\u00e9lib\u00e9ration int\u00e9grant la concertation  au conseil municipal du 26 mars 2024 puis d&rsquo;une transmission aux services du pr\u00e9fet de la Savoie.<\/p>\n\n\n\n<hr class=\"wp-block-separator has-alpha-channel-opacity\"\/>\n\n\n\n<h3 class=\"has-vivid-green-cyan-color has-text-color wp-block-heading\" style=\"font-size:14px\">7- Pour aller plus loin &#8230;<\/h3>\n\n\n\n<ul class=\"wp-block-list\" style=\"font-size:14px\"><li><a rel=\"noreferrer noopener\" href=\"https:\/\/www.statistiques.developpement-durable.gouv.fr\/chiffres-cles-des-energies-renouvelables-edition-2023?rubrique=21&amp;dossier=174\" target=\"_blank\">Les chiffres cl\u00e9s des \u00e9nergies renouvelables<\/a><\/li><li><a rel=\"noreferrer noopener\" href=\"https:\/\/www.legifrance.gouv.fr\/jorf\/article_jo\/JORFARTI000047294266\" target=\"_blank\">Article 15 de la loi APER sur les ZAEnR : les consignes l\u00e9gislatives de d\u00e9finition des zones<\/a><\/li><li><a rel=\"noreferrer noopener\" href=\"https:\/\/www.ecologie.gouv.fr\/publication-loi-relative-lacceleration-des-energies-renouvelables\" target=\"_blank\">L\u2019explication simplifi\u00e9e de la loi APER dans l e dossier de presse sur la loi APER<\/a><\/li><li><a rel=\"noreferrer noopener\" href=\"https:\/\/librairie.ademe.fr\/energies-renouvelables-reseaux-et-stockage\/6363-energies-renouvelables-reussir-la-transition-energetique-de-mon-territoire.html\" target=\"_blank\">Les fiches techniques de l \u2019 ADEME sur les diff\u00e9rents types d\u2019 EnR<\/a><\/li><li><a href=\"https:\/\/geoservices.ign.fr\/portail-cartographique-enr\" target=\"_blank\" rel=\"noreferrer noopener\">Le portail cartographique national EnR pour l\u2019analyse du potentiel, \u00e9labor\u00e9 par le Cerema et l&rsquo;IGN<\/a><\/li><\/ul>\n\n\n\n<div class=\"wp-block-columns is-layout-flex wp-container-core-columns-is-layout-9d6595d7 wp-block-columns-is-layout-flex\">\n<div class=\"wp-block-column is-layout-flow wp-block-column-is-layout-flow\" style=\"flex-basis:100%\">\n<p><\/p>\n<\/div>\n<\/div>\n","protected":false},"excerpt":{"rendered":"<p>1- Contexte g\u00e9n\u00e9ral de la d\u00e9finition des ZAEnr La loi n\u00b02023-175 du 10 mars 2023 relative \u00e0 l\u2019acc\u00e9l\u00e9ration de la Production des \u00c9nergies Renouvelables dite \u00ab\u00a0Loi APER\u00a0\u00bb appelle \u00e0 planifier les installations d\u2019\u00c9nergies Renouvelables sur l\u2019ensemble du territoire national. L\u2019objectif est de s\u2019assurer d\u2019une capacit\u00e9 de production suffisante pour atteindre nos objectifs d\u2019autonomie \u00e9nerg\u00e9tique et&#8230;<\/p>\n","protected":false},"author":1,"featured_media":0,"parent":0,"menu_order":0,"comment_status":"closed","ping_status":"closed","template":"","meta":{"footnotes":""},"class_list":["post-1332","page","type-page","status-publish","format-standard","hentry","post-wrap"],"_links":{"self":[{"href":"https:\/\/mairielachapelleblanche.fr\/index.php?rest_route=\/wp\/v2\/pages\/1332","targetHints":{"allow":["GET"]}}],"collection":[{"href":"https:\/\/mairielachapelleblanche.fr\/index.php?rest_route=\/wp\/v2\/pages"}],"about":[{"href":"https:\/\/mairielachapelleblanche.fr\/index.php?rest_route=\/wp\/v2\/types\/page"}],"author":[{"embeddable":true,"href":"https:\/\/mairielachapelleblanche.fr\/index.php?rest_route=\/wp\/v2\/users\/1"}],"replies":[{"embeddable":true,"href":"https:\/\/mairielachapelleblanche.fr\/index.php?rest_route=%2Fwp%2Fv2%2Fcomments&post=1332"}],"version-history":[{"count":20,"href":"https:\/\/mairielachapelleblanche.fr\/index.php?rest_route=\/wp\/v2\/pages\/1332\/revisions"}],"predecessor-version":[{"id":1378,"href":"https:\/\/mairielachapelleblanche.fr\/index.php?rest_route=\/wp\/v2\/pages\/1332\/revisions\/1378"}],"wp:attachment":[{"href":"https:\/\/mairielachapelleblanche.fr\/index.php?rest_route=%2Fwp%2Fv2%2Fmedia&parent=1332"}],"curies":[{"name":"wp","href":"https:\/\/api.w.org\/{rel}","templated":true}]}}