{"id":13,"date":"2021-09-13T10:14:42","date_gmt":"2021-09-13T08:14:42","guid":{"rendered":"https:\/\/mairielachapelleblanche.fr\/?page_id=13"},"modified":"2022-01-09T20:38:51","modified_gmt":"2022-01-09T19:38:51","slug":"les-services-a-la-population","status":"publish","type":"page","link":"https:\/\/mairielachapelleblanche.fr\/?page_id=13","title":{"rendered":"Les Services \u00e0 la Population"},"content":{"rendered":"\n<h1 class=\"wp-block-heading\" style=\"font-size:25px\">N\u00b0 utiles services de secours et d&rsquo;\u00e9coute<\/h1>\n\n\n\n<p><strong>Services d&rsquo;urgence<\/strong><\/p>\n\n\n\n<ul class=\"wp-block-list\"><li>SAMU : 15<\/li><li>Police : 17<\/li><li>Pompiers : 18<\/li><li>Num\u00e9ro d&rsquo;urgence pour les personnes avec des difficult\u00e9s \u00e0 entendre ou \u00e0 parler : 114<\/li><li>SOS M\u00e9decins 73 : 36 24<\/li><li>Centre anti-poison de Lyon : 04 72 11 69 11<\/li><li>Appel d&rsquo;urgence europ\u00e9en : 112 (joignable depuis les t\u00e9l\u00e9phones portables)<\/li><li>Accueil sans abri : 115<\/li><li>Pharmacie de garde : 39 15<\/li><\/ul>\n\n\n\n<p><strong>\u00c9coute et assistance<\/strong><\/p>\n\n\n\n<ul class=\"wp-block-list\"><li>Alcooliques Anonymes : 04 79 33 96 25<\/li><li>Croix Rouge Ecoute :19<\/li><li>Drogue Alcool Tabac Info Service : 0800 23 13 13<\/li><li>Cancer info service : 0 810 810 821<\/li><li>Enfance maltrait\u00e9e : 119<\/li><li>H\u00e9patites Info Service : 0 800 84 58 00<\/li><li>Sida Info Service : 0 800 84 08 00<\/li><li>SOS Femmes violences : 04 79 33 95 85<\/li><li>SOS Post IVG : 0 825 33 18 19<\/li><\/ul>\n\n\n\n<p><strong>Urgence d\u00e9pannage<\/strong><\/p>\n\n\n\n<ul class=\"wp-block-list\"><li>S\u00e9curit\u00e9 gaz : 0 800 47 33 33<\/li><li>D\u00e9pannage \u00e9lectricit\u00e9 ENEDIS&nbsp;: 09&nbsp;726&nbsp;750 73<\/li><\/ul>\n","protected":false},"excerpt":{"rendered":"<p>N\u00b0 utiles services de secours et d&rsquo;\u00e9coute Services d&rsquo;urgence SAMU : 15 Police : 17 Pompiers : 18 Num\u00e9ro d&rsquo;urgence pour les personnes avec des difficult\u00e9s \u00e0 entendre ou \u00e0 parler : 114 SOS M\u00e9decins 73 : 36 24 Centre anti-poison de Lyon : 04 72 11 69 11 Appel d&rsquo;urgence europ\u00e9en : 112 (joignable&#8230;<\/p>\n","protected":false},"author":1,"featured_media":0,"parent":0,"menu_order":0,"comment_status":"closed","ping_status":"closed","template":"","meta":{"footnotes":""},"class_list":["post-13","page","type-page","status-publish","format-standard","hentry","post-wrap"],"_links":{"self":[{"href":"https:\/\/mairielachapelleblanche.fr\/index.php?rest_route=\/wp\/v2\/pages\/13","targetHints":{"allow":["GET"]}}],"collection":[{"href":"https:\/\/mairielachapelleblanche.fr\/index.php?rest_route=\/wp\/v2\/pages"}],"about":[{"href":"https:\/\/mairielachapelleblanche.fr\/index.php?rest_route=\/wp\/v2\/types\/page"}],"author":[{"embeddable":true,"href":"https:\/\/mairielachapelleblanche.fr\/index.php?rest_route=\/wp\/v2\/users\/1"}],"replies":[{"embeddable":true,"href":"https:\/\/mairielachapelleblanche.fr\/index.php?rest_route=%2Fwp%2Fv2%2Fcomments&post=13"}],"version-history":[{"count":9,"href":"https:\/\/mairielachapelleblanche.fr\/index.php?rest_route=\/wp\/v2\/pages\/13\/revisions"}],"predecessor-version":[{"id":519,"href":"https:\/\/mairielachapelleblanche.fr\/index.php?rest_route=\/wp\/v2\/pages\/13\/revisions\/519"}],"wp:attachment":[{"href":"https:\/\/mairielachapelleblanche.fr\/index.php?rest_route=%2Fwp%2Fv2%2Fmedia&parent=13"}],"curies":[{"name":"wp","href":"https:\/\/api.w.org\/{rel}","templated":true}]}}