{"id":11,"date":"2021-09-13T10:14:21","date_gmt":"2021-09-13T08:14:21","guid":{"rendered":"https:\/\/mairielachapelleblanche.fr\/?page_id=11"},"modified":"2025-11-07T18:20:25","modified_gmt":"2025-11-07T17:20:25","slug":"lecole-sivu-scolaire","status":"publish","type":"page","link":"https:\/\/mairielachapelleblanche.fr\/?page_id=11","title":{"rendered":"L&rsquo;\u00c9cole"},"content":{"rendered":"\n<h1 class=\"wp-block-heading\">Le SIVU Scolaire de La Chapelle Blanche-Villaroux<\/h1>\n\n\n\n<p>Le Syndicat intercommunal \u00e0 vocation unique ( SIVU) Scolaire de La Chapelle Blanche\/Villaroux assure<br>la gestion des b\u00e2timents, du mobilier, la gestion du personnel non enseignant \u00e0 l\u2019\u00e9cole, les fournitures<br>scolaires et l\u2019organisation des services de la cantine et de garderie.<br>L\u2019\u00e9cole compte aujourd\u2019hui 3 classes, scolarise 62 enfants et sollicite 5 personnes \u00e0 temps non complet.<br>Le SIVU est compos\u00e9 de conseillers municipaux des 2 communes membres : 2 d\u00e9l\u00e9gu\u00e9s titulaires et un<br>d\u00e9l\u00e9gu\u00e9 suppl\u00e9ant.<\/p>\n\n\n\n<p><br><strong>\u00c9lections du 17 juin 2020:<\/strong><\/p>\n\n\n\n<p>Pr\u00e9sidente : Claire CHARGUERON<br>Vice-pr\u00e9sidente : V\u00e9ronique BLANCHARD<br>Membres : St\u00e9phane DUPARC ; H\u00e9l\u00e8ne GUILBERT ; Denise MARTIN ; Daniel LASCOMBE<\/p>\n\n\n\n<p><strong>Le projet \u00e9ducatif de la commune<br><\/strong>R\u00e9daction en cours \u2026<\/p>\n\n\n\n<p><strong>Le budget du SIVU Scolaire<br><\/strong>Vous trouverez ici le budget pr\u00e9visionnel du syndicat. R\u00e9alis\u00e9 en d\u00e9but d\u2019ann\u00e9e, il est la ligne de conduite<br>des d\u00e9penses et recettes du SIVU sur l\u2019ann\u00e9e civile.<\/p>\n\n\n\n<hr class=\"wp-block-separator has-text-color has-cyan-bluish-gray-color has-css-opacity has-cyan-bluish-gray-background-color has-background is-style-wide\"\/>\n\n\n\n<h2 class=\"wp-block-heading\">Horaires semaine de 4 jours<\/h2>\n\n\n\n<p>Notre \u00e9cole a fait le choix d\u2019une semaine scolaire de 4 jours, demande valid\u00e9e par l\u2019inspection<br>acad\u00e9mique.<br>Les horaires de l&rsquo;\u00e9cole : lundi, mardi, jeudi et vendredi : 8h15-11h15 et 13h30-16h30.<\/p>\n\n\n\n<div class=\"wp-block-file\"><a id=\"wp-block-file--media-1f0a085a-3c08-4fde-95e5-d355e9d523d5\" href=\"http:\/\/mairielachapelleblanche.fr\/wp-content\/uploads\/2021\/09\/p0gq3imt472v77.pdf\" target=\"_blank\" rel=\"noreferrer noopener\">Courrier semaine de 4 jours<\/a><a href=\"http:\/\/mairielachapelleblanche.fr\/wp-content\/uploads\/2021\/09\/p0gq3imt472v77.pdf\" class=\"wp-block-file__button wp-element-button\" download aria-describedby=\"wp-block-file--media-1f0a085a-3c08-4fde-95e5-d355e9d523d5\">T\u00e9l\u00e9charger<\/a><\/div>\n\n\n\n<hr class=\"wp-block-separator has-text-color has-cyan-bluish-gray-color has-css-opacity has-cyan-bluish-gray-background-color has-background is-style-wide\"\/>\n\n\n\n<h2 class=\"wp-block-heading\">Compte rendu conseils syndicaux<\/h2>\n\n\n\n<p>Vous trouverez ci-joint les CR des derniers conseils syndicaux<\/p>\n\n\n\n<div class=\"wp-block-file\"><a id=\"wp-block-file--media-52f7be14-b658-4924-a2f2-646f9a592c08\" href=\"https:\/\/mairielachapelleblanche.fr\/wp-content\/uploads\/2025\/11\/250929-Registre-deliberations.pdf\" target=\"_blank\" rel=\"noreferrer noopener\">Registre d\u00e9liberations_29_09_2025<\/a><a href=\"https:\/\/mairielachapelleblanche.fr\/wp-content\/uploads\/2025\/11\/250929-Registre-deliberations.pdf\" class=\"wp-block-file__button wp-element-button\" download aria-describedby=\"wp-block-file--media-52f7be14-b658-4924-a2f2-646f9a592c08\">T\u00e9l\u00e9charger<\/a><\/div>\n\n\n\n<div class=\"wp-block-file\"><a id=\"wp-block-file--media-52f7be14-b658-4924-a2f2-646f9a592c08\" href=\"https:\/\/mairielachapelleblanche.fr\/wp-content\/uploads\/2025\/11\/250929-Proces-verbal.pdf\" target=\"_blank\" rel=\"noreferrer noopener\">Proc\u00e8s verbal_29_09_2025<\/a><a href=\"https:\/\/mairielachapelleblanche.fr\/wp-content\/uploads\/2025\/11\/250929-Proces-verbal.pdf\" class=\"wp-block-file__button wp-element-button\" download aria-describedby=\"wp-block-file--media-52f7be14-b658-4924-a2f2-646f9a592c08\">T\u00e9l\u00e9charger<\/a><\/div>\n\n\n\n<div class=\"wp-block-file\"><a id=\"wp-block-file--media-221e7200-019f-422e-85ba-a56f06193086\" href=\"https:\/\/mairielachapelleblanche.fr\/wp-content\/uploads\/2025\/11\/250623-Registre-deliberations.pdf\" target=\"_blank\" rel=\"noreferrer noopener\">Registre d\u00e9lib\u00e9rations_23_06_2025<\/a><a href=\"https:\/\/mairielachapelleblanche.fr\/wp-content\/uploads\/2025\/11\/250623-Registre-deliberations.pdf\" class=\"wp-block-file__button wp-element-button\" download aria-describedby=\"wp-block-file--media-221e7200-019f-422e-85ba-a56f06193086\">T\u00e9l\u00e9charger<\/a><\/div>\n\n\n\n<div class=\"wp-block-file\"><a id=\"wp-block-file--media-52f7be14-b658-4924-a2f2-646f9a592c08\" href=\"https:\/\/mairielachapelleblanche.fr\/wp-content\/uploads\/2025\/11\/250623-Proces-verbal.pdf\" target=\"_blank\" rel=\"noreferrer noopener\">Proc\u00e8s verbal_23_06_2025<\/a><a href=\"https:\/\/mairielachapelleblanche.fr\/wp-content\/uploads\/2025\/11\/250623-Proces-verbal.pdf\" class=\"wp-block-file__button wp-element-button\" download aria-describedby=\"wp-block-file--media-52f7be14-b658-4924-a2f2-646f9a592c08\">T\u00e9l\u00e9charger<\/a><\/div>\n\n\n\n<div class=\"wp-block-file\"><a id=\"wp-block-file--media-d34eb9d5-ce50-4e88-9c8b-35f05f43c7e6\" href=\"https:\/\/mairielachapelleblanche.fr\/wp-content\/uploads\/2025\/11\/250417-Registre-deliberations.pdf\" target=\"_blank\" rel=\"noreferrer noopener\">Registre d\u00e9lib\u00e9rations_17_04_2025<\/a><a href=\"https:\/\/mairielachapelleblanche.fr\/wp-content\/uploads\/2025\/11\/250417-Registre-deliberations.pdf\" class=\"wp-block-file__button wp-element-button\" download aria-describedby=\"wp-block-file--media-d34eb9d5-ce50-4e88-9c8b-35f05f43c7e6\">T\u00e9l\u00e9charger<\/a><\/div>\n\n\n\n<div class=\"wp-block-file\"><a id=\"wp-block-file--media-52f7be14-b658-4924-a2f2-646f9a592c08\" href=\"https:\/\/mairielachapelleblanche.fr\/wp-content\/uploads\/2025\/11\/250417-Proces-verbal_CCN.pdf\" target=\"_blank\" rel=\"noreferrer noopener\">250417 Proc\u00e8s verbal_17_04_2025<\/a><a href=\"https:\/\/mairielachapelleblanche.fr\/wp-content\/uploads\/2025\/11\/250417-Proces-verbal_CCN.pdf\" class=\"wp-block-file__button wp-element-button\" download aria-describedby=\"wp-block-file--media-52f7be14-b658-4924-a2f2-646f9a592c08\">T\u00e9l\u00e9charger<\/a><\/div>\n\n\n\n<div class=\"wp-block-file\"><a id=\"wp-block-file--media-0b954dda-3cda-4300-bbb0-c8072bd32bfd\" href=\"https:\/\/mairielachapelleblanche.fr\/wp-content\/uploads\/2025\/11\/250324-Registre-deliberations.pdf\" target=\"_blank\" rel=\"noreferrer noopener\">Registre d\u00e9lib\u00e9rations_24_03_2025<\/a><a href=\"https:\/\/mairielachapelleblanche.fr\/wp-content\/uploads\/2025\/11\/250324-Registre-deliberations.pdf\" class=\"wp-block-file__button wp-element-button\" download aria-describedby=\"wp-block-file--media-0b954dda-3cda-4300-bbb0-c8072bd32bfd\">T\u00e9l\u00e9charger<\/a><\/div>\n\n\n\n<div class=\"wp-block-file\"><a id=\"wp-block-file--media-52f7be14-b658-4924-a2f2-646f9a592c08\" href=\"https:\/\/mairielachapelleblanche.fr\/wp-content\/uploads\/2025\/11\/250324-Proces-verbal.pdf\" target=\"_blank\" rel=\"noreferrer noopener\">Proc\u00e8s verbal_24_03_2025<\/a><a href=\"https:\/\/mairielachapelleblanche.fr\/wp-content\/uploads\/2025\/11\/250324-Proces-verbal.pdf\" class=\"wp-block-file__button wp-element-button\" download aria-describedby=\"wp-block-file--media-52f7be14-b658-4924-a2f2-646f9a592c08\">T\u00e9l\u00e9charger<\/a><\/div>\n\n\n\n<div class=\"wp-block-file\"><a id=\"wp-block-file--media-a96d45df-6c95-4e03-b2d5-893fe66a9978\" href=\"https:\/\/mairielachapelleblanche.fr\/wp-content\/uploads\/2025\/11\/250310-Registre-deliberations.pdf\" target=\"_blank\" rel=\"noreferrer noopener\">Registre d\u00e9lib\u00e9rations_10_03_2025<\/a><a href=\"https:\/\/mairielachapelleblanche.fr\/wp-content\/uploads\/2025\/11\/250310-Registre-deliberations.pdf\" class=\"wp-block-file__button wp-element-button\" download aria-describedby=\"wp-block-file--media-a96d45df-6c95-4e03-b2d5-893fe66a9978\">T\u00e9l\u00e9charger<\/a><\/div>\n\n\n\n<div class=\"wp-block-file\"><a id=\"wp-block-file--media-52f7be14-b658-4924-a2f2-646f9a592c08\" href=\"https:\/\/mairielachapelleblanche.fr\/wp-content\/uploads\/2025\/11\/250310-Proces-verbal.pdf\" target=\"_blank\" rel=\"noreferrer noopener\">Proc\u00e8s verbal_10_03_2025<\/a><a href=\"https:\/\/mairielachapelleblanche.fr\/wp-content\/uploads\/2025\/11\/250310-Proces-verbal.pdf\" class=\"wp-block-file__button wp-element-button\" download aria-describedby=\"wp-block-file--media-52f7be14-b658-4924-a2f2-646f9a592c08\">T\u00e9l\u00e9charger<\/a><\/div>\n\n\n\n<div class=\"wp-block-file\"><a id=\"wp-block-file--media-a80fc5a4-cce5-4b3d-a449-c9d2555b93be\" href=\"https:\/\/mairielachapelleblanche.fr\/wp-content\/uploads\/2025\/11\/240731-Proces-verbal-1.pdf\" target=\"_blank\" rel=\"noreferrer noopener\">Proc\u00e8s verbal 31_07_2024<\/a><a href=\"https:\/\/mairielachapelleblanche.fr\/wp-content\/uploads\/2025\/11\/240731-Proces-verbal-1.pdf\" class=\"wp-block-file__button wp-element-button\" download aria-describedby=\"wp-block-file--media-a80fc5a4-cce5-4b3d-a449-c9d2555b93be\">T\u00e9l\u00e9charger<\/a><\/div>\n\n\n\n<div class=\"wp-block-file\"><a id=\"wp-block-file--media-a80fc5a4-cce5-4b3d-a449-c9d2555b93be\" href=\"https:\/\/mairielachapelleblanche.fr\/wp-content\/uploads\/2025\/11\/240617-Proces-verbal.pdf\" target=\"_blank\" rel=\"noreferrer noopener\">240617 Proc\u00e8s verbal 17_06 2024<\/a><a href=\"https:\/\/mairielachapelleblanche.fr\/wp-content\/uploads\/2025\/11\/240617-Proces-verbal.pdf\" class=\"wp-block-file__button wp-element-button\" download aria-describedby=\"wp-block-file--media-a80fc5a4-cce5-4b3d-a449-c9d2555b93be\">T\u00e9l\u00e9charger<\/a><\/div>\n\n\n\n<div class=\"wp-block-file\"><a id=\"wp-block-file--media-2e7fee9b-f0ee-4ba5-832b-5ca259b88936\" href=\"https:\/\/mairielachapelleblanche.fr\/wp-content\/uploads\/2025\/11\/240522-Proces-verbal.pdf\" target=\"_blank\" rel=\"noreferrer noopener\">240522 Proc\u00e8s verbal 22_05_2024<\/a><a href=\"https:\/\/mairielachapelleblanche.fr\/wp-content\/uploads\/2025\/11\/240522-Proces-verbal.pdf\" class=\"wp-block-file__button wp-element-button\" download aria-describedby=\"wp-block-file--media-2e7fee9b-f0ee-4ba5-832b-5ca259b88936\">T\u00e9l\u00e9charger<\/a><\/div>\n\n\n\n<div class=\"wp-block-file\"><a id=\"wp-block-file--media-2a7c7c68-7ee9-413e-9ffa-8359ec7038f8\" href=\"https:\/\/mairielachapelleblanche.fr\/wp-content\/uploads\/2025\/11\/241202-Proces-verbal.pdf\" target=\"_blank\" rel=\"noreferrer noopener\">241202 Proc\u00e8s verbal 12_02_2024<\/a><a href=\"https:\/\/mairielachapelleblanche.fr\/wp-content\/uploads\/2025\/11\/241202-Proces-verbal.pdf\" class=\"wp-block-file__button wp-element-button\" download aria-describedby=\"wp-block-file--media-2a7c7c68-7ee9-413e-9ffa-8359ec7038f8\">T\u00e9l\u00e9charger<\/a><\/div>\n\n\n\n<div class=\"wp-block-file\"><a id=\"wp-block-file--media-2e7fee9b-f0ee-4ba5-832b-5ca259b88936\" href=\"https:\/\/mairielachapelleblanche.fr\/wp-content\/uploads\/2025\/11\/240130-Proces-verbal.pdf\" target=\"_blank\" rel=\"noreferrer noopener\">Proc\u00e8s verbal_30_01_2024<\/a><a href=\"https:\/\/mairielachapelleblanche.fr\/wp-content\/uploads\/2025\/11\/240130-Proces-verbal.pdf\" class=\"wp-block-file__button wp-element-button\" download aria-describedby=\"wp-block-file--media-2e7fee9b-f0ee-4ba5-832b-5ca259b88936\">T\u00e9l\u00e9charger<\/a><\/div>\n\n\n\n<div class=\"wp-block-file\"><a id=\"wp-block-file--media-2e7fee9b-f0ee-4ba5-832b-5ca259b88936\" href=\"https:\/\/mairielachapelleblanche.fr\/wp-content\/uploads\/2025\/11\/240118-Proces-verbal.pdf\" target=\"_blank\" rel=\"noreferrer noopener\">240118 Proc\u00e8s verbal_18_01_2024<\/a><a href=\"https:\/\/mairielachapelleblanche.fr\/wp-content\/uploads\/2025\/11\/240118-Proces-verbal.pdf\" class=\"wp-block-file__button wp-element-button\" download aria-describedby=\"wp-block-file--media-2e7fee9b-f0ee-4ba5-832b-5ca259b88936\">T\u00e9l\u00e9charger<\/a><\/div>\n\n\n\n<div class=\"wp-block-file\"><a id=\"wp-block-file--media-79a35f81-dc4f-433e-8d04-6f878b821280\" href=\"https:\/\/mairielachapelleblanche.fr\/wp-content\/uploads\/2025\/11\/240731-Proces-verbal.pdf\" target=\"_blank\" rel=\"noreferrer noopener\">240731 Proc\u00e8s verbal<\/a><a href=\"https:\/\/mairielachapelleblanche.fr\/wp-content\/uploads\/2025\/11\/240731-Proces-verbal.pdf\" class=\"wp-block-file__button wp-element-button\" download aria-describedby=\"wp-block-file--media-79a35f81-dc4f-433e-8d04-6f878b821280\">T\u00e9l\u00e9charger<\/a><\/div>\n\n\n\n<div class=\"wp-block-file\"><a id=\"wp-block-file--media-cbe3f82b-b926-4e50-bcf2-5ee84ed04d10\" href=\"http:\/\/mairielachapelleblanche.fr\/wp-content\/uploads\/2022\/11\/14_11_2022-conseil-syndical.pdf\" target=\"_blank\" rel=\"noreferrer noopener\">14_11_22 conseil syndical<\/a><a href=\"http:\/\/mairielachapelleblanche.fr\/wp-content\/uploads\/2022\/11\/14_11_2022-conseil-syndical.pdf\" class=\"wp-block-file__button wp-element-button\" download aria-describedby=\"wp-block-file--media-cbe3f82b-b926-4e50-bcf2-5ee84ed04d10\">T\u00e9l\u00e9charger<\/a><\/div>\n\n\n\n<div class=\"wp-block-file\"><a id=\"wp-block-file--media-cbe3f82b-b926-4e50-bcf2-5ee84ed04d10\" href=\"http:\/\/mairielachapelleblanche.fr\/wp-content\/uploads\/2021\/12\/09_11_21-conseil-syndical.pdf\" target=\"_blank\" rel=\"noreferrer noopener\">09_11_21 conseil syndical<\/a><a href=\"http:\/\/mairielachapelleblanche.fr\/wp-content\/uploads\/2021\/12\/09_11_21-conseil-syndical.pdf\" class=\"wp-block-file__button wp-element-button\" download aria-describedby=\"wp-block-file--media-cbe3f82b-b926-4e50-bcf2-5ee84ed04d10\">T\u00e9l\u00e9charger<\/a><\/div>\n\n\n\n<div class=\"wp-block-file\"><a id=\"wp-block-file--media-203dd0e8-5916-4ee8-85dc-65014b290f3d\" href=\"http:\/\/mairielachapelleblanche.fr\/wp-content\/uploads\/2021\/12\/17_09_21-conseil-syndical.pdf\" target=\"_blank\" rel=\"noreferrer noopener\">17_09_21 conseil syndical<\/a><a href=\"http:\/\/mairielachapelleblanche.fr\/wp-content\/uploads\/2021\/12\/17_09_21-conseil-syndical.pdf\" class=\"wp-block-file__button wp-element-button\" download aria-describedby=\"wp-block-file--media-203dd0e8-5916-4ee8-85dc-65014b290f3d\">T\u00e9l\u00e9charger<\/a><\/div>\n\n\n\n<div class=\"wp-block-file\"><a id=\"wp-block-file--media-b40078de-2d2a-4c4b-9345-197705611d40\" href=\"http:\/\/mairielachapelleblanche.fr\/wp-content\/uploads\/2021\/09\/210819-Compte-rendu.pdf\" target=\"_blank\" rel=\"noreferrer noopener\">210819 Compte rendu<\/a><a href=\"http:\/\/mairielachapelleblanche.fr\/wp-content\/uploads\/2021\/09\/210819-Compte-rendu.pdf\" class=\"wp-block-file__button wp-element-button\" download aria-describedby=\"wp-block-file--media-b40078de-2d2a-4c4b-9345-197705611d40\">T\u00e9l\u00e9charger<\/a><\/div>\n\n\n\n<div class=\"wp-block-file\"><a id=\"wp-block-file--media-94b3fd48-f9ff-4ef6-97a7-fa997518e53d\" href=\"http:\/\/mairielachapelleblanche.fr\/wp-content\/uploads\/2021\/09\/210707-Compte-rendu.pdf\" target=\"_blank\" rel=\"noreferrer noopener\">210707 Compte rendu<\/a><a href=\"http:\/\/mairielachapelleblanche.fr\/wp-content\/uploads\/2021\/09\/210707-Compte-rendu.pdf\" class=\"wp-block-file__button wp-element-button\" download aria-describedby=\"wp-block-file--media-94b3fd48-f9ff-4ef6-97a7-fa997518e53d\">T\u00e9l\u00e9charger<\/a><\/div>\n\n\n\n<div class=\"wp-block-file\"><a id=\"wp-block-file--media-8cfb2fda-b1cd-49ad-b32e-aa7b9fd80b54\" href=\"http:\/\/mairielachapelleblanche.fr\/wp-content\/uploads\/2021\/09\/210517-Compte-rendu.pdf\" target=\"_blank\" rel=\"noreferrer noopener\">210517 Compte rendu<\/a><a href=\"http:\/\/mairielachapelleblanche.fr\/wp-content\/uploads\/2021\/09\/210517-Compte-rendu.pdf\" class=\"wp-block-file__button wp-element-button\" download aria-describedby=\"wp-block-file--media-8cfb2fda-b1cd-49ad-b32e-aa7b9fd80b54\">T\u00e9l\u00e9charger<\/a><\/div>\n\n\n\n<div class=\"wp-block-file\"><a id=\"wp-block-file--media-6b6d2ac7-6826-49a5-80c9-86c4eba34d03\" href=\"http:\/\/mairielachapelleblanche.fr\/wp-content\/uploads\/2021\/09\/210326-Compte-rendu.pdf\" target=\"_blank\" rel=\"noreferrer noopener\">210326 Compte rendu<\/a><a href=\"http:\/\/mairielachapelleblanche.fr\/wp-content\/uploads\/2021\/09\/210326-Compte-rendu.pdf\" class=\"wp-block-file__button wp-element-button\" download aria-describedby=\"wp-block-file--media-6b6d2ac7-6826-49a5-80c9-86c4eba34d03\">T\u00e9l\u00e9charger<\/a><\/div>\n\n\n\n<p><\/p>\n\n\n\n<div class=\"wp-block-buttons is-layout-flex wp-block-buttons-is-layout-flex\"><\/div>\n","protected":false},"excerpt":{"rendered":"<p>Le SIVU Scolaire de La Chapelle Blanche-Villaroux Le Syndicat intercommunal \u00e0 vocation unique ( SIVU) Scolaire de La Chapelle Blanche\/Villaroux assurela gestion des b\u00e2timents, du mobilier, la gestion du personnel non enseignant \u00e0 l\u2019\u00e9cole, les fournituresscolaires et l\u2019organisation des services de la cantine et de garderie.L\u2019\u00e9cole compte aujourd\u2019hui 3 classes, scolarise 62 enfants et sollicite&#8230;<\/p>\n","protected":false},"author":1,"featured_media":0,"parent":0,"menu_order":0,"comment_status":"closed","ping_status":"closed","template":"","meta":{"footnotes":""},"class_list":["post-11","page","type-page","status-publish","format-standard","hentry","post-wrap"],"_links":{"self":[{"href":"https:\/\/mairielachapelleblanche.fr\/index.php?rest_route=\/wp\/v2\/pages\/11","targetHints":{"allow":["GET"]}}],"collection":[{"href":"https:\/\/mairielachapelleblanche.fr\/index.php?rest_route=\/wp\/v2\/pages"}],"about":[{"href":"https:\/\/mairielachapelleblanche.fr\/index.php?rest_route=\/wp\/v2\/types\/page"}],"author":[{"embeddable":true,"href":"https:\/\/mairielachapelleblanche.fr\/index.php?rest_route=\/wp\/v2\/users\/1"}],"replies":[{"embeddable":true,"href":"https:\/\/mairielachapelleblanche.fr\/index.php?rest_route=%2Fwp%2Fv2%2Fcomments&post=11"}],"version-history":[{"count":28,"href":"https:\/\/mairielachapelleblanche.fr\/index.php?rest_route=\/wp\/v2\/pages\/11\/revisions"}],"predecessor-version":[{"id":1730,"href":"https:\/\/mairielachapelleblanche.fr\/index.php?rest_route=\/wp\/v2\/pages\/11\/revisions\/1730"}],"wp:attachment":[{"href":"https:\/\/mairielachapelleblanche.fr\/index.php?rest_route=%2Fwp%2Fv2%2Fmedia&parent=11"}],"curies":[{"name":"wp","href":"https:\/\/api.w.org\/{rel}","templated":true}]}}